{"id":1030,"date":"2023-04-03T23:45:42","date_gmt":"2023-04-04T02:45:42","guid":{"rendered":"https:\/\/agenciaalavanca.com.br\/atelierdasflores\/?post_type=product&#038;p=1030"},"modified":"2024-07-31T13:07:09","modified_gmt":"2024-07-31T16:07:09","slug":"amor-intenso","status":"publish","type":"product","link":"https:\/\/agenciaalavanca.com.br\/atelierdasflores\/product\/amor-intenso\/","title":{"rendered":"Amor Intenso"},"content":{"rendered":"<p>Este buqu\u00ea decorado cont\u00e9m:<\/p>\n<ul>\n<li>8 Rosas vermelhas importadas;<\/li>\n<li>Complementos com Tango e Mosquitinhos.<\/li>\n<\/ul>\n","protected":false},"excerpt":{"rendered":"<p>Cada rosa deste buqu\u00ea exala uma beleza \u00fanica, com suas p\u00e9talas suaves e vibrantes que transmitem uma intensidade de cor e emo\u00e7\u00e3o. Presentear com o &#8220;Amor Intenso&#8221; \u00e9 criar um momento inesquec\u00edvel e emocionante na vida de quem voc\u00ea ama, tornando-se uma express\u00e3o de carinho e afeto verdadeiramente encantadora. Com sua exuber\u00e2ncia e eleg\u00e2ncia, este buqu\u00ea \u00e9 uma escolha perfeita para demonstrar amor e paix\u00e3o de forma clara e direta, deixando claro o quanto voc\u00ea se importa com a pessoa que o receber\u00e1.<\/p>\n<ul>\n<li class=\"selectable-text copyable-text iq0m558w\" dir=\"ltr\"><span class=\"selectable-text copyable-text\">A embalagem do buqu\u00ea varia de acordo com a disponibilidade em estoque.<\/span><\/li>\n<\/ul>\n","protected":false},"featured_media":1456,"template":"","meta":{"_joinchat":[]},"product_brand":[],"product_cat":[74,88,80],"product_tag":[],"class_list":{"0":"post-1030","1":"product","2":"type-product","3":"status-publish","4":"has-post-thumbnail","6":"product_cat-buques","7":"product_cat-coroas-funebres","8":"product_cat-romanticos","9":"tm-has-options","11":"first","12":"instock","13":"shipping-taxable","14":"purchasable","15":"product-type-simple"},"yoast_head":"<!-- This site is optimized with the Yoast SEO plugin v27.6 - https:\/\/yoast.com\/product\/yoast-seo-wordpress\/ -->\n<title>Amor Intenso - Atelier das Flores<\/title>\n<meta name=\"robots\" content=\"index, follow, max-snippet:-1, max-image-preview:large, max-video-preview:-1\" \/>\n<link rel=\"canonical\" href=\"https:\/\/agenciaalavanca.com.br\/atelierdasflores\/product\/amor-intenso\/\" \/>\n<meta property=\"og:locale\" content=\"pt_BR\" \/>\n<meta property=\"og:type\" content=\"article\" \/>\n<meta property=\"og:title\" content=\"Amor Intenso - Atelier das Flores\" \/>\n<meta property=\"og:description\" content=\"Cada rosa deste buqu\u00ea exala uma beleza \u00fanica, com suas p\u00e9talas suaves e vibrantes que transmitem uma intensidade de cor e emo\u00e7\u00e3o. Presentear com o &quot;Amor Intenso&quot; \u00e9 criar um momento inesquec\u00edvel e emocionante na vida de quem voc\u00ea ama, tornando-se uma express\u00e3o de carinho e afeto verdadeiramente encantadora. Com sua exuber\u00e2ncia e eleg\u00e2ncia, este buqu\u00ea \u00e9 uma escolha perfeita para demonstrar amor e paix\u00e3o de forma clara e direta, deixando claro o quanto voc\u00ea se importa com a pessoa que o receber\u00e1.   A embalagem do buqu\u00ea varia de acordo com a disponibilidade em estoque.\" \/>\n<meta property=\"og:url\" content=\"https:\/\/agenciaalavanca.com.br\/atelierdasflores\/product\/amor-intenso\/\" \/>\n<meta property=\"og:site_name\" content=\"Atelier das Flores\" \/>\n<meta property=\"article:modified_time\" content=\"2024-07-31T16:07:09+00:00\" \/>\n<meta property=\"og:image\" content=\"https:\/\/agenciaalavanca.com.br\/atelierdasflores\/wp-content\/uploads\/2023\/04\/Amor-Intenso-Especial.jpeg\" \/>\n\t<meta property=\"og:image:width\" content=\"1600\" \/>\n\t<meta property=\"og:image:height\" content=\"1600\" \/>\n\t<meta property=\"og:image:type\" content=\"image\/jpeg\" \/>\n<meta name=\"twitter:card\" content=\"summary_large_image\" \/>\n<meta name=\"twitter:label1\" content=\"Est. tempo de leitura\" \/>\n\t<meta name=\"twitter:data1\" content=\"1 minuto\" \/>\n<script type=\"application\/ld+json\" class=\"yoast-schema-graph\">{\"@context\":\"https:\\\/\\\/schema.org\",\"@graph\":[{\"@type\":\"WebPage\",\"@id\":\"https:\\\/\\\/agenciaalavanca.com.br\\\/atelierdasflores\\\/product\\\/amor-intenso\\\/\",\"url\":\"https:\\\/\\\/agenciaalavanca.com.br\\\/atelierdasflores\\\/product\\\/amor-intenso\\\/\",\"name\":\"Amor Intenso - Atelier das Flores\",\"isPartOf\":{\"@id\":\"https:\\\/\\\/agenciaalavanca.com.br\\\/atelierdasflores\\\/#website\"},\"primaryImageOfPage\":{\"@id\":\"https:\\\/\\\/agenciaalavanca.com.br\\\/atelierdasflores\\\/product\\\/amor-intenso\\\/#primaryimage\"},\"image\":{\"@id\":\"https:\\\/\\\/agenciaalavanca.com.br\\\/atelierdasflores\\\/product\\\/amor-intenso\\\/#primaryimage\"},\"thumbnailUrl\":\"https:\\\/\\\/agenciaalavanca.com.br\\\/atelierdasflores\\\/wp-content\\\/uploads\\\/2023\\\/04\\\/Amor-Intenso-Especial.jpeg\",\"datePublished\":\"2023-04-04T02:45:42+00:00\",\"dateModified\":\"2024-07-31T16:07:09+00:00\",\"breadcrumb\":{\"@id\":\"https:\\\/\\\/agenciaalavanca.com.br\\\/atelierdasflores\\\/product\\\/amor-intenso\\\/#breadcrumb\"},\"inLanguage\":\"pt-BR\",\"potentialAction\":[{\"@type\":\"ReadAction\",\"target\":[\"https:\\\/\\\/agenciaalavanca.com.br\\\/atelierdasflores\\\/product\\\/amor-intenso\\\/\"]}]},{\"@type\":\"ImageObject\",\"inLanguage\":\"pt-BR\",\"@id\":\"https:\\\/\\\/agenciaalavanca.com.br\\\/atelierdasflores\\\/product\\\/amor-intenso\\\/#primaryimage\",\"url\":\"https:\\\/\\\/agenciaalavanca.com.br\\\/atelierdasflores\\\/wp-content\\\/uploads\\\/2023\\\/04\\\/Amor-Intenso-Especial.jpeg\",\"contentUrl\":\"https:\\\/\\\/agenciaalavanca.com.br\\\/atelierdasflores\\\/wp-content\\\/uploads\\\/2023\\\/04\\\/Amor-Intenso-Especial.jpeg\",\"width\":1600,\"height\":1600},{\"@type\":\"BreadcrumbList\",\"@id\":\"https:\\\/\\\/agenciaalavanca.com.br\\\/atelierdasflores\\\/product\\\/amor-intenso\\\/#breadcrumb\",\"itemListElement\":[{\"@type\":\"ListItem\",\"position\":1,\"name\":\"In\u00edcio\",\"item\":\"https:\\\/\\\/agenciaalavanca.com.br\\\/atelierdasflores\\\/\"},{\"@type\":\"ListItem\",\"position\":2,\"name\":\"Produtos\",\"item\":\"https:\\\/\\\/agenciaalavanca.com.br\\\/atelierdasflores\\\/shop\\\/\"},{\"@type\":\"ListItem\",\"position\":3,\"name\":\"Amor Intenso\"}]},{\"@type\":\"WebSite\",\"@id\":\"https:\\\/\\\/agenciaalavanca.com.br\\\/atelierdasflores\\\/#website\",\"url\":\"https:\\\/\\\/agenciaalavanca.com.br\\\/atelierdasflores\\\/\",\"name\":\"Atelier das Flores\",\"description\":\"Com todo carinho, da produ\u00e7\u00e3o ao destino!\",\"potentialAction\":[{\"@type\":\"SearchAction\",\"target\":{\"@type\":\"EntryPoint\",\"urlTemplate\":\"https:\\\/\\\/agenciaalavanca.com.br\\\/atelierdasflores\\\/?s={search_term_string}\"},\"query-input\":{\"@type\":\"PropertyValueSpecification\",\"valueRequired\":true,\"valueName\":\"search_term_string\"}}],\"inLanguage\":\"pt-BR\"}]}<\/script>\n<!-- \/ Yoast SEO plugin. -->","yoast_head_json":{"title":"Amor Intenso - Atelier das Flores","robots":{"index":"index","follow":"follow","max-snippet":"max-snippet:-1","max-image-preview":"max-image-preview:large","max-video-preview":"max-video-preview:-1"},"canonical":"https:\/\/agenciaalavanca.com.br\/atelierdasflores\/product\/amor-intenso\/","og_locale":"pt_BR","og_type":"article","og_title":"Amor Intenso - Atelier das Flores","og_description":"Cada rosa deste buqu\u00ea exala uma beleza \u00fanica, com suas p\u00e9talas suaves e vibrantes que transmitem uma intensidade de cor e emo\u00e7\u00e3o. Presentear com o \"Amor Intenso\" \u00e9 criar um momento inesquec\u00edvel e emocionante na vida de quem voc\u00ea ama, tornando-se uma express\u00e3o de carinho e afeto verdadeiramente encantadora. Com sua exuber\u00e2ncia e eleg\u00e2ncia, este buqu\u00ea \u00e9 uma escolha perfeita para demonstrar amor e paix\u00e3o de forma clara e direta, deixando claro o quanto voc\u00ea se importa com a pessoa que o receber\u00e1.   A embalagem do buqu\u00ea varia de acordo com a disponibilidade em estoque.","og_url":"https:\/\/agenciaalavanca.com.br\/atelierdasflores\/product\/amor-intenso\/","og_site_name":"Atelier das Flores","article_modified_time":"2024-07-31T16:07:09+00:00","og_image":[{"width":1600,"height":1600,"url":"https:\/\/agenciaalavanca.com.br\/atelierdasflores\/wp-content\/uploads\/2023\/04\/Amor-Intenso-Especial.jpeg","type":"image\/jpeg"}],"twitter_card":"summary_large_image","twitter_misc":{"Est. tempo de leitura":"1 minuto"},"schema":{"@context":"https:\/\/schema.org","@graph":[{"@type":"WebPage","@id":"https:\/\/agenciaalavanca.com.br\/atelierdasflores\/product\/amor-intenso\/","url":"https:\/\/agenciaalavanca.com.br\/atelierdasflores\/product\/amor-intenso\/","name":"Amor Intenso - Atelier das Flores","isPartOf":{"@id":"https:\/\/agenciaalavanca.com.br\/atelierdasflores\/#website"},"primaryImageOfPage":{"@id":"https:\/\/agenciaalavanca.com.br\/atelierdasflores\/product\/amor-intenso\/#primaryimage"},"image":{"@id":"https:\/\/agenciaalavanca.com.br\/atelierdasflores\/product\/amor-intenso\/#primaryimage"},"thumbnailUrl":"https:\/\/agenciaalavanca.com.br\/atelierdasflores\/wp-content\/uploads\/2023\/04\/Amor-Intenso-Especial.jpeg","datePublished":"2023-04-04T02:45:42+00:00","dateModified":"2024-07-31T16:07:09+00:00","breadcrumb":{"@id":"https:\/\/agenciaalavanca.com.br\/atelierdasflores\/product\/amor-intenso\/#breadcrumb"},"inLanguage":"pt-BR","potentialAction":[{"@type":"ReadAction","target":["https:\/\/agenciaalavanca.com.br\/atelierdasflores\/product\/amor-intenso\/"]}]},{"@type":"ImageObject","inLanguage":"pt-BR","@id":"https:\/\/agenciaalavanca.com.br\/atelierdasflores\/product\/amor-intenso\/#primaryimage","url":"https:\/\/agenciaalavanca.com.br\/atelierdasflores\/wp-content\/uploads\/2023\/04\/Amor-Intenso-Especial.jpeg","contentUrl":"https:\/\/agenciaalavanca.com.br\/atelierdasflores\/wp-content\/uploads\/2023\/04\/Amor-Intenso-Especial.jpeg","width":1600,"height":1600},{"@type":"BreadcrumbList","@id":"https:\/\/agenciaalavanca.com.br\/atelierdasflores\/product\/amor-intenso\/#breadcrumb","itemListElement":[{"@type":"ListItem","position":1,"name":"In\u00edcio","item":"https:\/\/agenciaalavanca.com.br\/atelierdasflores\/"},{"@type":"ListItem","position":2,"name":"Produtos","item":"https:\/\/agenciaalavanca.com.br\/atelierdasflores\/shop\/"},{"@type":"ListItem","position":3,"name":"Amor Intenso"}]},{"@type":"WebSite","@id":"https:\/\/agenciaalavanca.com.br\/atelierdasflores\/#website","url":"https:\/\/agenciaalavanca.com.br\/atelierdasflores\/","name":"Atelier das Flores","description":"Com todo carinho, da produ\u00e7\u00e3o ao destino!","potentialAction":[{"@type":"SearchAction","target":{"@type":"EntryPoint","urlTemplate":"https:\/\/agenciaalavanca.com.br\/atelierdasflores\/?s={search_term_string}"},"query-input":{"@type":"PropertyValueSpecification","valueRequired":true,"valueName":"search_term_string"}}],"inLanguage":"pt-BR"}]}},"_links":{"self":[{"href":"https:\/\/agenciaalavanca.com.br\/atelierdasflores\/wp-json\/wp\/v2\/product\/1030","targetHints":{"allow":["GET"]}}],"collection":[{"href":"https:\/\/agenciaalavanca.com.br\/atelierdasflores\/wp-json\/wp\/v2\/product"}],"about":[{"href":"https:\/\/agenciaalavanca.com.br\/atelierdasflores\/wp-json\/wp\/v2\/types\/product"}],"wp:featuredmedia":[{"embeddable":true,"href":"https:\/\/agenciaalavanca.com.br\/atelierdasflores\/wp-json\/wp\/v2\/media\/1456"}],"wp:attachment":[{"href":"https:\/\/agenciaalavanca.com.br\/atelierdasflores\/wp-json\/wp\/v2\/media?parent=1030"}],"wp:term":[{"taxonomy":"product_brand","embeddable":true,"href":"https:\/\/agenciaalavanca.com.br\/atelierdasflores\/wp-json\/wp\/v2\/product_brand?post=1030"},{"taxonomy":"product_cat","embeddable":true,"href":"https:\/\/agenciaalavanca.com.br\/atelierdasflores\/wp-json\/wp\/v2\/product_cat?post=1030"},{"taxonomy":"product_tag","embeddable":true,"href":"https:\/\/agenciaalavanca.com.br\/atelierdasflores\/wp-json\/wp\/v2\/product_tag?post=1030"}],"curies":[{"name":"wp","href":"https:\/\/api.w.org\/{rel}","templated":true}]}}