{"id":1038,"date":"2023-04-03T23:45:42","date_gmt":"2023-04-04T02:45:42","guid":{"rendered":"https:\/\/agenciaalavanca.com.br\/atelierdasflores\/?post_type=product&#038;p=1038"},"modified":"2024-06-20T17:37:46","modified_gmt":"2024-06-20T20:37:46","slug":"buque-mix-colors","status":"publish","type":"product","link":"https:\/\/agenciaalavanca.com.br\/atelierdasflores\/product\/buque-mix-colors\/","title":{"rendered":"Buque Mix Colors"},"content":{"rendered":"<section id=\"sp-main-body\">\n<div class=\"container\">\n<div class=\"row\">\n<div id=\"sp-component\" class=\"col-sm-12 col-md-12\">\n<div class=\"sp-column \">\n<div class=\"product-container productdetails-view productdetails\">\n<div class=\"product-description\">\n<section id=\"sp-main-body\">\n<div class=\"container\">\n<div class=\"row\">\n<div id=\"sp-component\" class=\"col-sm-12 col-md-12\">\n<div class=\"sp-column \">\n<div class=\"product-container productdetails-view productdetails\">\n<div class=\"product-description\">\n<section id=\"sp-main-body\">\n<div class=\"container\">\n<div class=\"row\">\n<div id=\"sp-component\" class=\"col-sm-12 col-md-12\">\n<div class=\"sp-column \">\n<div class=\"product-container productdetails-view productdetails\">\n<div class=\"product-description\">\n<section id=\"sp-main-body\">\n<div class=\"container\">\n<div class=\"row\">\n<div id=\"sp-component\" class=\"col-sm-12 col-md-12\">\n<div class=\"sp-column \">\n<div class=\"product-container productdetails-view productdetails\">\n<div class=\"product-description\">\n<section id=\"sp-main-body\">\n<div class=\"container\">\n<div class=\"row\">\n<div id=\"sp-component\" class=\"col-sm-12 col-md-12\">\n<div class=\"sp-column \">\n<div class=\"product-container productdetails-view productdetails\">\n<div class=\"product-description\">\n<p>Mistura de beleza e cores, este buque traz a alegria da diversidade de cores e tipos de flores.<br \/>\nRosas, g\u00e9rberas, lisianthus, astrom\u00e9lias e entre outras flores da \u00e9poca fazem o mix deste buque.<\/p>\n<p>&#8211; Acompanha papel de acabamento e la\u00e7o.<\/p>\n<\/div>\n<\/div>\n<\/div>\n<\/div>\n<\/div>\n<\/div>\n<\/section>\n<section id=\"sp-bottom\">\n<div class=\"container\">\n<div class=\"row\">\n<div id=\"sp-bottom1\" class=\"col-sm-6 col-md-3\">\n<div class=\"sp-column \">\n<div class=\"sp-module \">\n<div class=\"sp-module-content\">\n<div class=\"custom\"><\/div>\n<\/div>\n<\/div>\n<\/div>\n<\/div>\n<\/div>\n<\/div>\n<\/section>\n<\/div>\n<\/div>\n<\/div>\n<\/div>\n<\/div>\n<\/div>\n<\/section>\n<section id=\"sp-bottom\">\n<div class=\"container\">\n<div class=\"row\">\n<div id=\"sp-bottom1\" class=\"col-sm-6 col-md-3\">\n<div class=\"sp-column \">\n<div class=\"sp-module \">\n<div class=\"sp-module-content\">\n<div class=\"custom\"><\/div>\n<\/div>\n<\/div>\n<\/div>\n<\/div>\n<\/div>\n<\/div>\n<\/section>\n<p>&nbsp;<\/p>\n<\/div>\n<\/div>\n<\/div>\n<\/div>\n<\/div>\n<\/div>\n<\/section>\n<section id=\"sp-bottom\">\n<div class=\"container\">\n<div class=\"row\">\n<div id=\"sp-bottom1\" class=\"col-sm-6 col-md-3\">\n<div class=\"sp-column \">\n<div class=\"sp-module \">\n<div class=\"sp-module-content\">\n<div class=\"custom\"><\/div>\n<\/div>\n<\/div>\n<\/div>\n<\/div>\n<\/div>\n<\/div>\n<\/section>\n<\/div>\n<\/div>\n<\/div>\n<\/div>\n<\/div>\n<\/div>\n<\/section>\n<section id=\"sp-bottom\">\n<div class=\"container\">\n<div class=\"row\">\n<div id=\"sp-bottom1\" class=\"col-sm-6 col-md-3\">\n<div class=\"sp-column \">\n<div class=\"sp-module \">\n<div class=\"sp-module-content\">\n<div class=\"custom\"><\/div>\n<\/div>\n<\/div>\n<\/div>\n<\/div>\n<\/div>\n<\/div>\n<\/section>\n<\/div>\n<\/div>\n<\/div>\n<\/div>\n<\/div>\n<\/div>\n<\/section>\n<section id=\"sp-bottom\">\n<div class=\"container\">\n<div class=\"row\">\n<div id=\"sp-bottom1\" class=\"col-sm-6 col-md-3\">\n<div class=\"sp-column \">\n<div class=\"sp-module \">\n<div class=\"sp-module-content\">\n<div class=\"custom\"><\/div>\n<\/div>\n<\/div>\n<\/div>\n<\/div>\n<\/div>\n<\/div>\n<\/section>\n","protected":false},"excerpt":{"rendered":"<p>Mistura de beleza e cores, este buque traz a alegria da diversidade de cores e tipos de flores. Rosas, g\u00e9rberas, lisianthus, astrom\u00e9lias e entre outras flores da \u00e9poca fazem o mix deste buque. &#8211; Acompanha papel de acabamento e la\u00e7o. &nbsp;<\/p>\n","protected":false},"featured_media":1068,"template":"","meta":{"_joinchat":[]},"product_brand":[],"product_cat":[74,88],"product_tag":[],"class_list":{"0":"post-1038","1":"product","2":"type-product","3":"status-publish","4":"has-post-thumbnail","6":"product_cat-buques","7":"product_cat-coroas-funebres","8":"tm-has-options","10":"first","11":"instock","12":"shipping-taxable","13":"purchasable","14":"product-type-simple"},"yoast_head":"<!-- This site is optimized with the Yoast SEO plugin v27.5 - https:\/\/yoast.com\/product\/yoast-seo-wordpress\/ -->\n<title>Buque Mix Colors - Atelier das Flores<\/title>\n<meta name=\"robots\" content=\"index, follow, max-snippet:-1, max-image-preview:large, max-video-preview:-1\" \/>\n<link rel=\"canonical\" href=\"https:\/\/agenciaalavanca.com.br\/atelierdasflores\/product\/buque-mix-colors\/\" \/>\n<meta property=\"og:locale\" content=\"pt_BR\" \/>\n<meta property=\"og:type\" content=\"article\" \/>\n<meta property=\"og:title\" content=\"Buque Mix Colors - Atelier das Flores\" \/>\n<meta property=\"og:description\" content=\"Mistura de beleza e cores, este buque traz a alegria da diversidade de cores e tipos de flores. Rosas, g\u00e9rberas, lisianthus, astrom\u00e9lias e entre outras flores da \u00e9poca fazem o mix deste buque. &#8211; Acompanha papel de acabamento e la\u00e7o. &nbsp;\" \/>\n<meta property=\"og:url\" content=\"https:\/\/agenciaalavanca.com.br\/atelierdasflores\/product\/buque-mix-colors\/\" \/>\n<meta property=\"og:site_name\" content=\"Atelier das Flores\" \/>\n<meta property=\"article:modified_time\" content=\"2024-06-20T20:37:46+00:00\" \/>\n<meta property=\"og:image\" content=\"https:\/\/agenciaalavanca.com.br\/atelierdasflores\/wp-content\/uploads\/2023\/04\/Buque-Mix-Colors-e1680770979287.jpg\" \/>\n\t<meta property=\"og:image:width\" content=\"643\" \/>\n\t<meta property=\"og:image:height\" content=\"643\" \/>\n\t<meta property=\"og:image:type\" content=\"image\/jpeg\" \/>\n<meta name=\"twitter:card\" content=\"summary_large_image\" \/>\n<meta name=\"twitter:label1\" content=\"Est. tempo de leitura\" \/>\n\t<meta name=\"twitter:data1\" content=\"1 minuto\" \/>\n<script type=\"application\/ld+json\" class=\"yoast-schema-graph\">{\"@context\":\"https:\\\/\\\/schema.org\",\"@graph\":[{\"@type\":\"WebPage\",\"@id\":\"https:\\\/\\\/agenciaalavanca.com.br\\\/atelierdasflores\\\/product\\\/buque-mix-colors\\\/\",\"url\":\"https:\\\/\\\/agenciaalavanca.com.br\\\/atelierdasflores\\\/product\\\/buque-mix-colors\\\/\",\"name\":\"Buque Mix Colors - Atelier das Flores\",\"isPartOf\":{\"@id\":\"https:\\\/\\\/agenciaalavanca.com.br\\\/atelierdasflores\\\/#website\"},\"primaryImageOfPage\":{\"@id\":\"https:\\\/\\\/agenciaalavanca.com.br\\\/atelierdasflores\\\/product\\\/buque-mix-colors\\\/#primaryimage\"},\"image\":{\"@id\":\"https:\\\/\\\/agenciaalavanca.com.br\\\/atelierdasflores\\\/product\\\/buque-mix-colors\\\/#primaryimage\"},\"thumbnailUrl\":\"https:\\\/\\\/agenciaalavanca.com.br\\\/atelierdasflores\\\/wp-content\\\/uploads\\\/2023\\\/04\\\/Buque-Mix-Colors-e1680770979287.jpg\",\"datePublished\":\"2023-04-04T02:45:42+00:00\",\"dateModified\":\"2024-06-20T20:37:46+00:00\",\"breadcrumb\":{\"@id\":\"https:\\\/\\\/agenciaalavanca.com.br\\\/atelierdasflores\\\/product\\\/buque-mix-colors\\\/#breadcrumb\"},\"inLanguage\":\"pt-BR\",\"potentialAction\":[{\"@type\":\"ReadAction\",\"target\":[\"https:\\\/\\\/agenciaalavanca.com.br\\\/atelierdasflores\\\/product\\\/buque-mix-colors\\\/\"]}]},{\"@type\":\"ImageObject\",\"inLanguage\":\"pt-BR\",\"@id\":\"https:\\\/\\\/agenciaalavanca.com.br\\\/atelierdasflores\\\/product\\\/buque-mix-colors\\\/#primaryimage\",\"url\":\"https:\\\/\\\/agenciaalavanca.com.br\\\/atelierdasflores\\\/wp-content\\\/uploads\\\/2023\\\/04\\\/Buque-Mix-Colors-e1680770979287.jpg\",\"contentUrl\":\"https:\\\/\\\/agenciaalavanca.com.br\\\/atelierdasflores\\\/wp-content\\\/uploads\\\/2023\\\/04\\\/Buque-Mix-Colors-e1680770979287.jpg\",\"width\":643,\"height\":643},{\"@type\":\"BreadcrumbList\",\"@id\":\"https:\\\/\\\/agenciaalavanca.com.br\\\/atelierdasflores\\\/product\\\/buque-mix-colors\\\/#breadcrumb\",\"itemListElement\":[{\"@type\":\"ListItem\",\"position\":1,\"name\":\"In\u00edcio\",\"item\":\"https:\\\/\\\/agenciaalavanca.com.br\\\/atelierdasflores\\\/\"},{\"@type\":\"ListItem\",\"position\":2,\"name\":\"Produtos\",\"item\":\"https:\\\/\\\/agenciaalavanca.com.br\\\/atelierdasflores\\\/shop\\\/\"},{\"@type\":\"ListItem\",\"position\":3,\"name\":\"Buque Mix Colors\"}]},{\"@type\":\"WebSite\",\"@id\":\"https:\\\/\\\/agenciaalavanca.com.br\\\/atelierdasflores\\\/#website\",\"url\":\"https:\\\/\\\/agenciaalavanca.com.br\\\/atelierdasflores\\\/\",\"name\":\"Atelier das Flores\",\"description\":\"Com todo carinho, da produ\u00e7\u00e3o ao destino!\",\"potentialAction\":[{\"@type\":\"SearchAction\",\"target\":{\"@type\":\"EntryPoint\",\"urlTemplate\":\"https:\\\/\\\/agenciaalavanca.com.br\\\/atelierdasflores\\\/?s={search_term_string}\"},\"query-input\":{\"@type\":\"PropertyValueSpecification\",\"valueRequired\":true,\"valueName\":\"search_term_string\"}}],\"inLanguage\":\"pt-BR\"}]}<\/script>\n<!-- \/ Yoast SEO plugin. -->","yoast_head_json":{"title":"Buque Mix Colors - Atelier das Flores","robots":{"index":"index","follow":"follow","max-snippet":"max-snippet:-1","max-image-preview":"max-image-preview:large","max-video-preview":"max-video-preview:-1"},"canonical":"https:\/\/agenciaalavanca.com.br\/atelierdasflores\/product\/buque-mix-colors\/","og_locale":"pt_BR","og_type":"article","og_title":"Buque Mix Colors - Atelier das Flores","og_description":"Mistura de beleza e cores, este buque traz a alegria da diversidade de cores e tipos de flores. Rosas, g\u00e9rberas, lisianthus, astrom\u00e9lias e entre outras flores da \u00e9poca fazem o mix deste buque. &#8211; Acompanha papel de acabamento e la\u00e7o. &nbsp;","og_url":"https:\/\/agenciaalavanca.com.br\/atelierdasflores\/product\/buque-mix-colors\/","og_site_name":"Atelier das Flores","article_modified_time":"2024-06-20T20:37:46+00:00","og_image":[{"width":643,"height":643,"url":"https:\/\/agenciaalavanca.com.br\/atelierdasflores\/wp-content\/uploads\/2023\/04\/Buque-Mix-Colors-e1680770979287.jpg","type":"image\/jpeg"}],"twitter_card":"summary_large_image","twitter_misc":{"Est. tempo de leitura":"1 minuto"},"schema":{"@context":"https:\/\/schema.org","@graph":[{"@type":"WebPage","@id":"https:\/\/agenciaalavanca.com.br\/atelierdasflores\/product\/buque-mix-colors\/","url":"https:\/\/agenciaalavanca.com.br\/atelierdasflores\/product\/buque-mix-colors\/","name":"Buque Mix Colors - Atelier das Flores","isPartOf":{"@id":"https:\/\/agenciaalavanca.com.br\/atelierdasflores\/#website"},"primaryImageOfPage":{"@id":"https:\/\/agenciaalavanca.com.br\/atelierdasflores\/product\/buque-mix-colors\/#primaryimage"},"image":{"@id":"https:\/\/agenciaalavanca.com.br\/atelierdasflores\/product\/buque-mix-colors\/#primaryimage"},"thumbnailUrl":"https:\/\/agenciaalavanca.com.br\/atelierdasflores\/wp-content\/uploads\/2023\/04\/Buque-Mix-Colors-e1680770979287.jpg","datePublished":"2023-04-04T02:45:42+00:00","dateModified":"2024-06-20T20:37:46+00:00","breadcrumb":{"@id":"https:\/\/agenciaalavanca.com.br\/atelierdasflores\/product\/buque-mix-colors\/#breadcrumb"},"inLanguage":"pt-BR","potentialAction":[{"@type":"ReadAction","target":["https:\/\/agenciaalavanca.com.br\/atelierdasflores\/product\/buque-mix-colors\/"]}]},{"@type":"ImageObject","inLanguage":"pt-BR","@id":"https:\/\/agenciaalavanca.com.br\/atelierdasflores\/product\/buque-mix-colors\/#primaryimage","url":"https:\/\/agenciaalavanca.com.br\/atelierdasflores\/wp-content\/uploads\/2023\/04\/Buque-Mix-Colors-e1680770979287.jpg","contentUrl":"https:\/\/agenciaalavanca.com.br\/atelierdasflores\/wp-content\/uploads\/2023\/04\/Buque-Mix-Colors-e1680770979287.jpg","width":643,"height":643},{"@type":"BreadcrumbList","@id":"https:\/\/agenciaalavanca.com.br\/atelierdasflores\/product\/buque-mix-colors\/#breadcrumb","itemListElement":[{"@type":"ListItem","position":1,"name":"In\u00edcio","item":"https:\/\/agenciaalavanca.com.br\/atelierdasflores\/"},{"@type":"ListItem","position":2,"name":"Produtos","item":"https:\/\/agenciaalavanca.com.br\/atelierdasflores\/shop\/"},{"@type":"ListItem","position":3,"name":"Buque Mix Colors"}]},{"@type":"WebSite","@id":"https:\/\/agenciaalavanca.com.br\/atelierdasflores\/#website","url":"https:\/\/agenciaalavanca.com.br\/atelierdasflores\/","name":"Atelier das Flores","description":"Com todo carinho, da produ\u00e7\u00e3o ao destino!","potentialAction":[{"@type":"SearchAction","target":{"@type":"EntryPoint","urlTemplate":"https:\/\/agenciaalavanca.com.br\/atelierdasflores\/?s={search_term_string}"},"query-input":{"@type":"PropertyValueSpecification","valueRequired":true,"valueName":"search_term_string"}}],"inLanguage":"pt-BR"}]}},"_links":{"self":[{"href":"https:\/\/agenciaalavanca.com.br\/atelierdasflores\/wp-json\/wp\/v2\/product\/1038","targetHints":{"allow":["GET"]}}],"collection":[{"href":"https:\/\/agenciaalavanca.com.br\/atelierdasflores\/wp-json\/wp\/v2\/product"}],"about":[{"href":"https:\/\/agenciaalavanca.com.br\/atelierdasflores\/wp-json\/wp\/v2\/types\/product"}],"wp:featuredmedia":[{"embeddable":true,"href":"https:\/\/agenciaalavanca.com.br\/atelierdasflores\/wp-json\/wp\/v2\/media\/1068"}],"wp:attachment":[{"href":"https:\/\/agenciaalavanca.com.br\/atelierdasflores\/wp-json\/wp\/v2\/media?parent=1038"}],"wp:term":[{"taxonomy":"product_brand","embeddable":true,"href":"https:\/\/agenciaalavanca.com.br\/atelierdasflores\/wp-json\/wp\/v2\/product_brand?post=1038"},{"taxonomy":"product_cat","embeddable":true,"href":"https:\/\/agenciaalavanca.com.br\/atelierdasflores\/wp-json\/wp\/v2\/product_cat?post=1038"},{"taxonomy":"product_tag","embeddable":true,"href":"https:\/\/agenciaalavanca.com.br\/atelierdasflores\/wp-json\/wp\/v2\/product_tag?post=1038"}],"curies":[{"name":"wp","href":"https:\/\/api.w.org\/{rel}","templated":true}]}}