{"id":1045,"date":"2023-04-03T23:45:43","date_gmt":"2023-04-04T02:45:43","guid":{"rendered":"https:\/\/agenciaalavanca.com.br\/atelierdasflores\/?post_type=product&#038;p=1045"},"modified":"2024-06-20T17:50:12","modified_gmt":"2024-06-20T20:50:12","slug":"rosa-luxo-e-kinder-bueno","status":"publish","type":"product","link":"https:\/\/agenciaalavanca.com.br\/atelierdasflores\/product\/rosa-luxo-e-kinder-bueno\/","title":{"rendered":"Rosa Luxo + Kinder Bueno"},"content":{"rendered":"<p>Este buqu\u00ea decorado cont\u00e9m:<\/p>\n<ul>\n<li>1 Rosa luxo;<\/li>\n<li>1 Barra de chocolate Kinder Bueno.<\/li>\n<\/ul>\n","protected":false},"excerpt":{"rendered":"<p><span style=\"color: #555555; font-size: 14.4px;\">A Rosa Luxo \u00e9 uma flor elegante e sofisticada, capaz de encantar quem a recebe. Com um \u00fanico bot\u00e3o de rosa luxuoso, este arranjo \u00e9 perfeito para demonstrar todo o seu amor e carinho. Acompanhado por uma deliciosa barra de chocolate Kinder Bueno, a combina\u00e7\u00e3o \u00e9 ideal para presentear algu\u00e9m especial em ocasi\u00f5es como Dia dos Namorados, anivers\u00e1rios ou simplesmente para mostrar a algu\u00e9m que voc\u00ea se importa. Surpreenda quem voc\u00ea ama com a Rosa Luxo acompanhada do sabor \u00fanico do Kinder Bueno, e deixe que esse presente inesquec\u00edvel transmita todo o seu amor. Nossas rosas s\u00e3o selecionadas cuidadosamente e preparadas com carinho para garantir que seu buqu\u00ea seja ainda mais especial.<\/span><\/p>\n<ul>\n<li>A embalagem do buqu\u00ea <strong>varia<\/strong> de acordo com a disponibilidade em estoque.<\/li>\n<\/ul>\n","protected":false},"featured_media":1466,"template":"","meta":{"_joinchat":[]},"product_brand":[],"product_cat":[78,74,75,88,80],"product_tag":[],"class_list":{"0":"post-1045","1":"product","2":"type-product","3":"status-publish","4":"has-post-thumbnail","6":"product_cat-arranjos","7":"product_cat-buques","8":"product_cat-buques-de-chocolate","9":"product_cat-coroas-funebres","10":"product_cat-romanticos","11":"tm-has-options","13":"first","14":"instock","15":"shipping-taxable","16":"purchasable","17":"product-type-simple"},"yoast_head":"<!-- This site is optimized with the Yoast SEO plugin v27.5 - https:\/\/yoast.com\/product\/yoast-seo-wordpress\/ -->\n<title>Rosa Luxo + Kinder Bueno - Atelier das Flores<\/title>\n<meta name=\"robots\" content=\"index, follow, max-snippet:-1, max-image-preview:large, max-video-preview:-1\" \/>\n<link rel=\"canonical\" href=\"https:\/\/agenciaalavanca.com.br\/atelierdasflores\/product\/rosa-luxo-e-kinder-bueno\/\" \/>\n<meta property=\"og:locale\" content=\"pt_BR\" \/>\n<meta property=\"og:type\" content=\"article\" \/>\n<meta property=\"og:title\" content=\"Rosa Luxo + Kinder Bueno - Atelier das Flores\" \/>\n<meta property=\"og:description\" content=\"A Rosa Luxo \u00e9 uma flor elegante e sofisticada, capaz de encantar quem a recebe. Com um \u00fanico bot\u00e3o de rosa luxuoso, este arranjo \u00e9 perfeito para demonstrar todo o seu amor e carinho. Acompanhado por uma deliciosa barra de chocolate Kinder Bueno, a combina\u00e7\u00e3o \u00e9 ideal para presentear algu\u00e9m especial em ocasi\u00f5es como Dia dos Namorados, anivers\u00e1rios ou simplesmente para mostrar a algu\u00e9m que voc\u00ea se importa. Surpreenda quem voc\u00ea ama com a Rosa Luxo acompanhada do sabor \u00fanico do Kinder Bueno, e deixe que esse presente inesquec\u00edvel transmita todo o seu amor. Nossas rosas s\u00e3o selecionadas cuidadosamente e preparadas com carinho para garantir que seu buqu\u00ea seja ainda mais especial.   A embalagem do buqu\u00ea varia de acordo com a disponibilidade em estoque.\" \/>\n<meta property=\"og:url\" content=\"https:\/\/agenciaalavanca.com.br\/atelierdasflores\/product\/rosa-luxo-e-kinder-bueno\/\" \/>\n<meta property=\"og:site_name\" content=\"Atelier das Flores\" \/>\n<meta property=\"article:modified_time\" content=\"2024-06-20T20:50:12+00:00\" \/>\n<meta property=\"og:image\" content=\"https:\/\/agenciaalavanca.com.br\/atelierdasflores\/wp-content\/uploads\/2023\/04\/Rosa-deLuxo-Kinder-Bueno.jpeg\" \/>\n\t<meta property=\"og:image:width\" content=\"2000\" \/>\n\t<meta property=\"og:image:height\" content=\"2000\" \/>\n\t<meta property=\"og:image:type\" content=\"image\/jpeg\" \/>\n<meta name=\"twitter:card\" content=\"summary_large_image\" \/>\n<meta name=\"twitter:label1\" content=\"Est. tempo de leitura\" \/>\n\t<meta name=\"twitter:data1\" content=\"1 minuto\" \/>\n<script type=\"application\/ld+json\" class=\"yoast-schema-graph\">{\"@context\":\"https:\\\/\\\/schema.org\",\"@graph\":[{\"@type\":\"WebPage\",\"@id\":\"https:\\\/\\\/agenciaalavanca.com.br\\\/atelierdasflores\\\/product\\\/rosa-luxo-e-kinder-bueno\\\/\",\"url\":\"https:\\\/\\\/agenciaalavanca.com.br\\\/atelierdasflores\\\/product\\\/rosa-luxo-e-kinder-bueno\\\/\",\"name\":\"Rosa Luxo + Kinder Bueno - Atelier das Flores\",\"isPartOf\":{\"@id\":\"https:\\\/\\\/agenciaalavanca.com.br\\\/atelierdasflores\\\/#website\"},\"primaryImageOfPage\":{\"@id\":\"https:\\\/\\\/agenciaalavanca.com.br\\\/atelierdasflores\\\/product\\\/rosa-luxo-e-kinder-bueno\\\/#primaryimage\"},\"image\":{\"@id\":\"https:\\\/\\\/agenciaalavanca.com.br\\\/atelierdasflores\\\/product\\\/rosa-luxo-e-kinder-bueno\\\/#primaryimage\"},\"thumbnailUrl\":\"https:\\\/\\\/agenciaalavanca.com.br\\\/atelierdasflores\\\/wp-content\\\/uploads\\\/2023\\\/04\\\/Rosa-deLuxo-Kinder-Bueno.jpeg\",\"datePublished\":\"2023-04-04T02:45:43+00:00\",\"dateModified\":\"2024-06-20T20:50:12+00:00\",\"breadcrumb\":{\"@id\":\"https:\\\/\\\/agenciaalavanca.com.br\\\/atelierdasflores\\\/product\\\/rosa-luxo-e-kinder-bueno\\\/#breadcrumb\"},\"inLanguage\":\"pt-BR\",\"potentialAction\":[{\"@type\":\"ReadAction\",\"target\":[\"https:\\\/\\\/agenciaalavanca.com.br\\\/atelierdasflores\\\/product\\\/rosa-luxo-e-kinder-bueno\\\/\"]}]},{\"@type\":\"ImageObject\",\"inLanguage\":\"pt-BR\",\"@id\":\"https:\\\/\\\/agenciaalavanca.com.br\\\/atelierdasflores\\\/product\\\/rosa-luxo-e-kinder-bueno\\\/#primaryimage\",\"url\":\"https:\\\/\\\/agenciaalavanca.com.br\\\/atelierdasflores\\\/wp-content\\\/uploads\\\/2023\\\/04\\\/Rosa-deLuxo-Kinder-Bueno.jpeg\",\"contentUrl\":\"https:\\\/\\\/agenciaalavanca.com.br\\\/atelierdasflores\\\/wp-content\\\/uploads\\\/2023\\\/04\\\/Rosa-deLuxo-Kinder-Bueno.jpeg\",\"width\":2000,\"height\":2000},{\"@type\":\"BreadcrumbList\",\"@id\":\"https:\\\/\\\/agenciaalavanca.com.br\\\/atelierdasflores\\\/product\\\/rosa-luxo-e-kinder-bueno\\\/#breadcrumb\",\"itemListElement\":[{\"@type\":\"ListItem\",\"position\":1,\"name\":\"In\u00edcio\",\"item\":\"https:\\\/\\\/agenciaalavanca.com.br\\\/atelierdasflores\\\/\"},{\"@type\":\"ListItem\",\"position\":2,\"name\":\"Produtos\",\"item\":\"https:\\\/\\\/agenciaalavanca.com.br\\\/atelierdasflores\\\/shop\\\/\"},{\"@type\":\"ListItem\",\"position\":3,\"name\":\"Rosa Luxo + Kinder Bueno\"}]},{\"@type\":\"WebSite\",\"@id\":\"https:\\\/\\\/agenciaalavanca.com.br\\\/atelierdasflores\\\/#website\",\"url\":\"https:\\\/\\\/agenciaalavanca.com.br\\\/atelierdasflores\\\/\",\"name\":\"Atelier das Flores\",\"description\":\"Com todo carinho, da produ\u00e7\u00e3o ao destino!\",\"potentialAction\":[{\"@type\":\"SearchAction\",\"target\":{\"@type\":\"EntryPoint\",\"urlTemplate\":\"https:\\\/\\\/agenciaalavanca.com.br\\\/atelierdasflores\\\/?s={search_term_string}\"},\"query-input\":{\"@type\":\"PropertyValueSpecification\",\"valueRequired\":true,\"valueName\":\"search_term_string\"}}],\"inLanguage\":\"pt-BR\"}]}<\/script>\n<!-- \/ Yoast SEO plugin. -->","yoast_head_json":{"title":"Rosa Luxo + Kinder Bueno - Atelier das Flores","robots":{"index":"index","follow":"follow","max-snippet":"max-snippet:-1","max-image-preview":"max-image-preview:large","max-video-preview":"max-video-preview:-1"},"canonical":"https:\/\/agenciaalavanca.com.br\/atelierdasflores\/product\/rosa-luxo-e-kinder-bueno\/","og_locale":"pt_BR","og_type":"article","og_title":"Rosa Luxo + Kinder Bueno - Atelier das Flores","og_description":"A Rosa Luxo \u00e9 uma flor elegante e sofisticada, capaz de encantar quem a recebe. Com um \u00fanico bot\u00e3o de rosa luxuoso, este arranjo \u00e9 perfeito para demonstrar todo o seu amor e carinho. Acompanhado por uma deliciosa barra de chocolate Kinder Bueno, a combina\u00e7\u00e3o \u00e9 ideal para presentear algu\u00e9m especial em ocasi\u00f5es como Dia dos Namorados, anivers\u00e1rios ou simplesmente para mostrar a algu\u00e9m que voc\u00ea se importa. Surpreenda quem voc\u00ea ama com a Rosa Luxo acompanhada do sabor \u00fanico do Kinder Bueno, e deixe que esse presente inesquec\u00edvel transmita todo o seu amor. Nossas rosas s\u00e3o selecionadas cuidadosamente e preparadas com carinho para garantir que seu buqu\u00ea seja ainda mais especial.   A embalagem do buqu\u00ea varia de acordo com a disponibilidade em estoque.","og_url":"https:\/\/agenciaalavanca.com.br\/atelierdasflores\/product\/rosa-luxo-e-kinder-bueno\/","og_site_name":"Atelier das Flores","article_modified_time":"2024-06-20T20:50:12+00:00","og_image":[{"width":2000,"height":2000,"url":"https:\/\/agenciaalavanca.com.br\/atelierdasflores\/wp-content\/uploads\/2023\/04\/Rosa-deLuxo-Kinder-Bueno.jpeg","type":"image\/jpeg"}],"twitter_card":"summary_large_image","twitter_misc":{"Est. tempo de leitura":"1 minuto"},"schema":{"@context":"https:\/\/schema.org","@graph":[{"@type":"WebPage","@id":"https:\/\/agenciaalavanca.com.br\/atelierdasflores\/product\/rosa-luxo-e-kinder-bueno\/","url":"https:\/\/agenciaalavanca.com.br\/atelierdasflores\/product\/rosa-luxo-e-kinder-bueno\/","name":"Rosa Luxo + Kinder Bueno - Atelier das Flores","isPartOf":{"@id":"https:\/\/agenciaalavanca.com.br\/atelierdasflores\/#website"},"primaryImageOfPage":{"@id":"https:\/\/agenciaalavanca.com.br\/atelierdasflores\/product\/rosa-luxo-e-kinder-bueno\/#primaryimage"},"image":{"@id":"https:\/\/agenciaalavanca.com.br\/atelierdasflores\/product\/rosa-luxo-e-kinder-bueno\/#primaryimage"},"thumbnailUrl":"https:\/\/agenciaalavanca.com.br\/atelierdasflores\/wp-content\/uploads\/2023\/04\/Rosa-deLuxo-Kinder-Bueno.jpeg","datePublished":"2023-04-04T02:45:43+00:00","dateModified":"2024-06-20T20:50:12+00:00","breadcrumb":{"@id":"https:\/\/agenciaalavanca.com.br\/atelierdasflores\/product\/rosa-luxo-e-kinder-bueno\/#breadcrumb"},"inLanguage":"pt-BR","potentialAction":[{"@type":"ReadAction","target":["https:\/\/agenciaalavanca.com.br\/atelierdasflores\/product\/rosa-luxo-e-kinder-bueno\/"]}]},{"@type":"ImageObject","inLanguage":"pt-BR","@id":"https:\/\/agenciaalavanca.com.br\/atelierdasflores\/product\/rosa-luxo-e-kinder-bueno\/#primaryimage","url":"https:\/\/agenciaalavanca.com.br\/atelierdasflores\/wp-content\/uploads\/2023\/04\/Rosa-deLuxo-Kinder-Bueno.jpeg","contentUrl":"https:\/\/agenciaalavanca.com.br\/atelierdasflores\/wp-content\/uploads\/2023\/04\/Rosa-deLuxo-Kinder-Bueno.jpeg","width":2000,"height":2000},{"@type":"BreadcrumbList","@id":"https:\/\/agenciaalavanca.com.br\/atelierdasflores\/product\/rosa-luxo-e-kinder-bueno\/#breadcrumb","itemListElement":[{"@type":"ListItem","position":1,"name":"In\u00edcio","item":"https:\/\/agenciaalavanca.com.br\/atelierdasflores\/"},{"@type":"ListItem","position":2,"name":"Produtos","item":"https:\/\/agenciaalavanca.com.br\/atelierdasflores\/shop\/"},{"@type":"ListItem","position":3,"name":"Rosa Luxo + Kinder Bueno"}]},{"@type":"WebSite","@id":"https:\/\/agenciaalavanca.com.br\/atelierdasflores\/#website","url":"https:\/\/agenciaalavanca.com.br\/atelierdasflores\/","name":"Atelier das Flores","description":"Com todo carinho, da produ\u00e7\u00e3o ao destino!","potentialAction":[{"@type":"SearchAction","target":{"@type":"EntryPoint","urlTemplate":"https:\/\/agenciaalavanca.com.br\/atelierdasflores\/?s={search_term_string}"},"query-input":{"@type":"PropertyValueSpecification","valueRequired":true,"valueName":"search_term_string"}}],"inLanguage":"pt-BR"}]}},"_links":{"self":[{"href":"https:\/\/agenciaalavanca.com.br\/atelierdasflores\/wp-json\/wp\/v2\/product\/1045","targetHints":{"allow":["GET"]}}],"collection":[{"href":"https:\/\/agenciaalavanca.com.br\/atelierdasflores\/wp-json\/wp\/v2\/product"}],"about":[{"href":"https:\/\/agenciaalavanca.com.br\/atelierdasflores\/wp-json\/wp\/v2\/types\/product"}],"wp:featuredmedia":[{"embeddable":true,"href":"https:\/\/agenciaalavanca.com.br\/atelierdasflores\/wp-json\/wp\/v2\/media\/1466"}],"wp:attachment":[{"href":"https:\/\/agenciaalavanca.com.br\/atelierdasflores\/wp-json\/wp\/v2\/media?parent=1045"}],"wp:term":[{"taxonomy":"product_brand","embeddable":true,"href":"https:\/\/agenciaalavanca.com.br\/atelierdasflores\/wp-json\/wp\/v2\/product_brand?post=1045"},{"taxonomy":"product_cat","embeddable":true,"href":"https:\/\/agenciaalavanca.com.br\/atelierdasflores\/wp-json\/wp\/v2\/product_cat?post=1045"},{"taxonomy":"product_tag","embeddable":true,"href":"https:\/\/agenciaalavanca.com.br\/atelierdasflores\/wp-json\/wp\/v2\/product_tag?post=1045"}],"curies":[{"name":"wp","href":"https:\/\/api.w.org\/{rel}","templated":true}]}}