{"id":1653,"date":"2023-05-04T16:43:32","date_gmt":"2023-05-04T19:43:32","guid":{"rendered":"https:\/\/agenciaalavanca.com.br\/atelierdasflores\/?post_type=product&#038;p=1653"},"modified":"2024-07-31T13:11:43","modified_gmt":"2024-07-31T16:11:43","slug":"buque-de-chocolate-com-girassol","status":"publish","type":"product","link":"https:\/\/agenciaalavanca.com.br\/atelierdasflores\/product\/buque-de-chocolate-com-girassol\/","title":{"rendered":"Buqu\u00ea de Chocolate com Girassol"},"content":{"rendered":"<p>Este lindo buqu\u00ea decorado possui:<\/p>\n<ul>\n<li>6 Girass\u00f3is;<\/li>\n<li>20 Un. de morangos banhados no chocolate.<\/li>\n<\/ul>\n","protected":false},"excerpt":{"rendered":"<p>Este buqu\u00ea \u00e9 um verdadeiro deleite para os sentidos, composto por seis girass\u00f3is exuberantes e vinte suculentos morangos banhados em chocolate. Os girass\u00f3is, com suas p\u00e9talas amarelas vibrantes, irradiam alegria e vitalidade, enquanto os morangos com seu sabor doce e indulgente, adicionam um toque de luxo e satisfa\u00e7\u00e3o. Ao presentear com o Buqu\u00ea de Chocolate com Girassol, voc\u00ea estar\u00e1 oferecendo um presente verdadeiramente especial e inesquec\u00edvel. \u00c9 a escolha perfeita para ocasi\u00f5es especiais, como anivers\u00e1rios, Dia dos Namorados, ou para celebrar uma conquista. Com sua combina\u00e7\u00e3o \u00fanica de cores e sabores, este buqu\u00ea \u00e9 uma demonstra\u00e7\u00e3o \u00fanica de afeto e carinho que certamente ser\u00e1 inesquec\u00edvel e especial.<\/p>\n<ul>\n<li>A embalagem do buqu\u00ea <strong>varia<\/strong> de acordo com a disponibilidade em estoque;<\/li>\n<li>Os morangos <strong>n\u00e3o<\/strong> s\u00e3o recheados;<\/li>\n<li>Manter sob refrigera\u00e7\u00e3o e consumir em <strong>at\u00e9 24h<\/strong>.<\/li>\n<\/ul>\n","protected":false},"featured_media":1648,"template":"","meta":{"_joinchat":[]},"product_brand":[],"product_cat":[74,75,88],"product_tag":[],"class_list":{"0":"post-1653","1":"product","2":"type-product","3":"status-publish","4":"has-post-thumbnail","6":"product_cat-buques","7":"product_cat-buques-de-chocolate","8":"product_cat-coroas-funebres","9":"tm-has-options","11":"first","12":"instock","13":"shipping-taxable","14":"purchasable","15":"product-type-simple"},"yoast_head":"<!-- This site is optimized with the Yoast SEO plugin v27.5 - https:\/\/yoast.com\/product\/yoast-seo-wordpress\/ -->\n<title>Buqu\u00ea de Chocolate com Girassol - Atelier das Flores<\/title>\n<meta name=\"robots\" content=\"index, follow, max-snippet:-1, max-image-preview:large, max-video-preview:-1\" \/>\n<link rel=\"canonical\" href=\"https:\/\/agenciaalavanca.com.br\/atelierdasflores\/product\/buque-de-chocolate-com-girassol\/\" \/>\n<meta property=\"og:locale\" content=\"pt_BR\" \/>\n<meta property=\"og:type\" content=\"article\" \/>\n<meta property=\"og:title\" content=\"Buqu\u00ea de Chocolate com Girassol - Atelier das Flores\" \/>\n<meta property=\"og:description\" content=\"Este buqu\u00ea \u00e9 um verdadeiro deleite para os sentidos, composto por seis girass\u00f3is exuberantes e vinte suculentos morangos banhados em chocolate. Os girass\u00f3is, com suas p\u00e9talas amarelas vibrantes, irradiam alegria e vitalidade, enquanto os morangos com seu sabor doce e indulgente, adicionam um toque de luxo e satisfa\u00e7\u00e3o. Ao presentear com o Buqu\u00ea de Chocolate com Girassol, voc\u00ea estar\u00e1 oferecendo um presente verdadeiramente especial e inesquec\u00edvel. \u00c9 a escolha perfeita para ocasi\u00f5es especiais, como anivers\u00e1rios, Dia dos Namorados, ou para celebrar uma conquista. Com sua combina\u00e7\u00e3o \u00fanica de cores e sabores, este buqu\u00ea \u00e9 uma demonstra\u00e7\u00e3o \u00fanica de afeto e carinho que certamente ser\u00e1 inesquec\u00edvel e especial.   A embalagem do buqu\u00ea varia de acordo com a disponibilidade em estoque;  Os morangos n\u00e3o s\u00e3o recheados;  Manter sob refrigera\u00e7\u00e3o e consumir em at\u00e9 24h.\" \/>\n<meta property=\"og:url\" content=\"https:\/\/agenciaalavanca.com.br\/atelierdasflores\/product\/buque-de-chocolate-com-girassol\/\" \/>\n<meta property=\"og:site_name\" content=\"Atelier das Flores\" \/>\n<meta property=\"article:modified_time\" content=\"2024-07-31T16:11:43+00:00\" \/>\n<meta property=\"og:image\" content=\"https:\/\/agenciaalavanca.com.br\/atelierdasflores\/wp-content\/uploads\/2023\/04\/Buque-de-Chocolate-com-Girassol.jpg\" \/>\n\t<meta property=\"og:image:width\" content=\"1000\" \/>\n\t<meta property=\"og:image:height\" content=\"1000\" \/>\n\t<meta property=\"og:image:type\" content=\"image\/jpeg\" \/>\n<meta name=\"twitter:card\" content=\"summary_large_image\" \/>\n<meta name=\"twitter:label1\" content=\"Est. tempo de leitura\" \/>\n\t<meta name=\"twitter:data1\" content=\"1 minuto\" \/>\n<script type=\"application\/ld+json\" class=\"yoast-schema-graph\">{\"@context\":\"https:\\\/\\\/schema.org\",\"@graph\":[{\"@type\":\"WebPage\",\"@id\":\"https:\\\/\\\/agenciaalavanca.com.br\\\/atelierdasflores\\\/product\\\/buque-de-chocolate-com-girassol\\\/\",\"url\":\"https:\\\/\\\/agenciaalavanca.com.br\\\/atelierdasflores\\\/product\\\/buque-de-chocolate-com-girassol\\\/\",\"name\":\"Buqu\u00ea de Chocolate com Girassol - Atelier das Flores\",\"isPartOf\":{\"@id\":\"https:\\\/\\\/agenciaalavanca.com.br\\\/atelierdasflores\\\/#website\"},\"primaryImageOfPage\":{\"@id\":\"https:\\\/\\\/agenciaalavanca.com.br\\\/atelierdasflores\\\/product\\\/buque-de-chocolate-com-girassol\\\/#primaryimage\"},\"image\":{\"@id\":\"https:\\\/\\\/agenciaalavanca.com.br\\\/atelierdasflores\\\/product\\\/buque-de-chocolate-com-girassol\\\/#primaryimage\"},\"thumbnailUrl\":\"https:\\\/\\\/agenciaalavanca.com.br\\\/atelierdasflores\\\/wp-content\\\/uploads\\\/2023\\\/04\\\/Buque-de-Chocolate-com-Girassol.jpg\",\"datePublished\":\"2023-05-04T19:43:32+00:00\",\"dateModified\":\"2024-07-31T16:11:43+00:00\",\"breadcrumb\":{\"@id\":\"https:\\\/\\\/agenciaalavanca.com.br\\\/atelierdasflores\\\/product\\\/buque-de-chocolate-com-girassol\\\/#breadcrumb\"},\"inLanguage\":\"pt-BR\",\"potentialAction\":[{\"@type\":\"ReadAction\",\"target\":[\"https:\\\/\\\/agenciaalavanca.com.br\\\/atelierdasflores\\\/product\\\/buque-de-chocolate-com-girassol\\\/\"]}]},{\"@type\":\"ImageObject\",\"inLanguage\":\"pt-BR\",\"@id\":\"https:\\\/\\\/agenciaalavanca.com.br\\\/atelierdasflores\\\/product\\\/buque-de-chocolate-com-girassol\\\/#primaryimage\",\"url\":\"https:\\\/\\\/agenciaalavanca.com.br\\\/atelierdasflores\\\/wp-content\\\/uploads\\\/2023\\\/04\\\/Buque-de-Chocolate-com-Girassol.jpg\",\"contentUrl\":\"https:\\\/\\\/agenciaalavanca.com.br\\\/atelierdasflores\\\/wp-content\\\/uploads\\\/2023\\\/04\\\/Buque-de-Chocolate-com-Girassol.jpg\",\"width\":1000,\"height\":1000},{\"@type\":\"BreadcrumbList\",\"@id\":\"https:\\\/\\\/agenciaalavanca.com.br\\\/atelierdasflores\\\/product\\\/buque-de-chocolate-com-girassol\\\/#breadcrumb\",\"itemListElement\":[{\"@type\":\"ListItem\",\"position\":1,\"name\":\"In\u00edcio\",\"item\":\"https:\\\/\\\/agenciaalavanca.com.br\\\/atelierdasflores\\\/\"},{\"@type\":\"ListItem\",\"position\":2,\"name\":\"Produtos\",\"item\":\"https:\\\/\\\/agenciaalavanca.com.br\\\/atelierdasflores\\\/shop\\\/\"},{\"@type\":\"ListItem\",\"position\":3,\"name\":\"Buqu\u00ea de Chocolate com Girassol\"}]},{\"@type\":\"WebSite\",\"@id\":\"https:\\\/\\\/agenciaalavanca.com.br\\\/atelierdasflores\\\/#website\",\"url\":\"https:\\\/\\\/agenciaalavanca.com.br\\\/atelierdasflores\\\/\",\"name\":\"Atelier das Flores\",\"description\":\"Com todo carinho, da produ\u00e7\u00e3o ao destino!\",\"potentialAction\":[{\"@type\":\"SearchAction\",\"target\":{\"@type\":\"EntryPoint\",\"urlTemplate\":\"https:\\\/\\\/agenciaalavanca.com.br\\\/atelierdasflores\\\/?s={search_term_string}\"},\"query-input\":{\"@type\":\"PropertyValueSpecification\",\"valueRequired\":true,\"valueName\":\"search_term_string\"}}],\"inLanguage\":\"pt-BR\"}]}<\/script>\n<!-- \/ Yoast SEO plugin. -->","yoast_head_json":{"title":"Buqu\u00ea de Chocolate com Girassol - Atelier das Flores","robots":{"index":"index","follow":"follow","max-snippet":"max-snippet:-1","max-image-preview":"max-image-preview:large","max-video-preview":"max-video-preview:-1"},"canonical":"https:\/\/agenciaalavanca.com.br\/atelierdasflores\/product\/buque-de-chocolate-com-girassol\/","og_locale":"pt_BR","og_type":"article","og_title":"Buqu\u00ea de Chocolate com Girassol - Atelier das Flores","og_description":"Este buqu\u00ea \u00e9 um verdadeiro deleite para os sentidos, composto por seis girass\u00f3is exuberantes e vinte suculentos morangos banhados em chocolate. Os girass\u00f3is, com suas p\u00e9talas amarelas vibrantes, irradiam alegria e vitalidade, enquanto os morangos com seu sabor doce e indulgente, adicionam um toque de luxo e satisfa\u00e7\u00e3o. Ao presentear com o Buqu\u00ea de Chocolate com Girassol, voc\u00ea estar\u00e1 oferecendo um presente verdadeiramente especial e inesquec\u00edvel. \u00c9 a escolha perfeita para ocasi\u00f5es especiais, como anivers\u00e1rios, Dia dos Namorados, ou para celebrar uma conquista. Com sua combina\u00e7\u00e3o \u00fanica de cores e sabores, este buqu\u00ea \u00e9 uma demonstra\u00e7\u00e3o \u00fanica de afeto e carinho que certamente ser\u00e1 inesquec\u00edvel e especial.   A embalagem do buqu\u00ea varia de acordo com a disponibilidade em estoque;  Os morangos n\u00e3o s\u00e3o recheados;  Manter sob refrigera\u00e7\u00e3o e consumir em at\u00e9 24h.","og_url":"https:\/\/agenciaalavanca.com.br\/atelierdasflores\/product\/buque-de-chocolate-com-girassol\/","og_site_name":"Atelier das Flores","article_modified_time":"2024-07-31T16:11:43+00:00","og_image":[{"width":1000,"height":1000,"url":"https:\/\/agenciaalavanca.com.br\/atelierdasflores\/wp-content\/uploads\/2023\/04\/Buque-de-Chocolate-com-Girassol.jpg","type":"image\/jpeg"}],"twitter_card":"summary_large_image","twitter_misc":{"Est. tempo de leitura":"1 minuto"},"schema":{"@context":"https:\/\/schema.org","@graph":[{"@type":"WebPage","@id":"https:\/\/agenciaalavanca.com.br\/atelierdasflores\/product\/buque-de-chocolate-com-girassol\/","url":"https:\/\/agenciaalavanca.com.br\/atelierdasflores\/product\/buque-de-chocolate-com-girassol\/","name":"Buqu\u00ea de Chocolate com Girassol - Atelier das Flores","isPartOf":{"@id":"https:\/\/agenciaalavanca.com.br\/atelierdasflores\/#website"},"primaryImageOfPage":{"@id":"https:\/\/agenciaalavanca.com.br\/atelierdasflores\/product\/buque-de-chocolate-com-girassol\/#primaryimage"},"image":{"@id":"https:\/\/agenciaalavanca.com.br\/atelierdasflores\/product\/buque-de-chocolate-com-girassol\/#primaryimage"},"thumbnailUrl":"https:\/\/agenciaalavanca.com.br\/atelierdasflores\/wp-content\/uploads\/2023\/04\/Buque-de-Chocolate-com-Girassol.jpg","datePublished":"2023-05-04T19:43:32+00:00","dateModified":"2024-07-31T16:11:43+00:00","breadcrumb":{"@id":"https:\/\/agenciaalavanca.com.br\/atelierdasflores\/product\/buque-de-chocolate-com-girassol\/#breadcrumb"},"inLanguage":"pt-BR","potentialAction":[{"@type":"ReadAction","target":["https:\/\/agenciaalavanca.com.br\/atelierdasflores\/product\/buque-de-chocolate-com-girassol\/"]}]},{"@type":"ImageObject","inLanguage":"pt-BR","@id":"https:\/\/agenciaalavanca.com.br\/atelierdasflores\/product\/buque-de-chocolate-com-girassol\/#primaryimage","url":"https:\/\/agenciaalavanca.com.br\/atelierdasflores\/wp-content\/uploads\/2023\/04\/Buque-de-Chocolate-com-Girassol.jpg","contentUrl":"https:\/\/agenciaalavanca.com.br\/atelierdasflores\/wp-content\/uploads\/2023\/04\/Buque-de-Chocolate-com-Girassol.jpg","width":1000,"height":1000},{"@type":"BreadcrumbList","@id":"https:\/\/agenciaalavanca.com.br\/atelierdasflores\/product\/buque-de-chocolate-com-girassol\/#breadcrumb","itemListElement":[{"@type":"ListItem","position":1,"name":"In\u00edcio","item":"https:\/\/agenciaalavanca.com.br\/atelierdasflores\/"},{"@type":"ListItem","position":2,"name":"Produtos","item":"https:\/\/agenciaalavanca.com.br\/atelierdasflores\/shop\/"},{"@type":"ListItem","position":3,"name":"Buqu\u00ea de Chocolate com Girassol"}]},{"@type":"WebSite","@id":"https:\/\/agenciaalavanca.com.br\/atelierdasflores\/#website","url":"https:\/\/agenciaalavanca.com.br\/atelierdasflores\/","name":"Atelier das Flores","description":"Com todo carinho, da produ\u00e7\u00e3o ao destino!","potentialAction":[{"@type":"SearchAction","target":{"@type":"EntryPoint","urlTemplate":"https:\/\/agenciaalavanca.com.br\/atelierdasflores\/?s={search_term_string}"},"query-input":{"@type":"PropertyValueSpecification","valueRequired":true,"valueName":"search_term_string"}}],"inLanguage":"pt-BR"}]}},"_links":{"self":[{"href":"https:\/\/agenciaalavanca.com.br\/atelierdasflores\/wp-json\/wp\/v2\/product\/1653","targetHints":{"allow":["GET"]}}],"collection":[{"href":"https:\/\/agenciaalavanca.com.br\/atelierdasflores\/wp-json\/wp\/v2\/product"}],"about":[{"href":"https:\/\/agenciaalavanca.com.br\/atelierdasflores\/wp-json\/wp\/v2\/types\/product"}],"wp:featuredmedia":[{"embeddable":true,"href":"https:\/\/agenciaalavanca.com.br\/atelierdasflores\/wp-json\/wp\/v2\/media\/1648"}],"wp:attachment":[{"href":"https:\/\/agenciaalavanca.com.br\/atelierdasflores\/wp-json\/wp\/v2\/media?parent=1653"}],"wp:term":[{"taxonomy":"product_brand","embeddable":true,"href":"https:\/\/agenciaalavanca.com.br\/atelierdasflores\/wp-json\/wp\/v2\/product_brand?post=1653"},{"taxonomy":"product_cat","embeddable":true,"href":"https:\/\/agenciaalavanca.com.br\/atelierdasflores\/wp-json\/wp\/v2\/product_cat?post=1653"},{"taxonomy":"product_tag","embeddable":true,"href":"https:\/\/agenciaalavanca.com.br\/atelierdasflores\/wp-json\/wp\/v2\/product_tag?post=1653"}],"curies":[{"name":"wp","href":"https:\/\/api.w.org\/{rel}","templated":true}]}}