{"id":1659,"date":"2023-05-04T18:21:29","date_gmt":"2023-05-04T21:21:29","guid":{"rendered":"https:\/\/agenciaalavanca.com.br\/atelierdasflores\/?post_type=product&#038;p=1659"},"modified":"2024-04-05T08:22:21","modified_gmt":"2024-04-05T11:22:21","slug":"girassol-da-alegria-com-raffaello","status":"publish","type":"product","link":"https:\/\/agenciaalavanca.com.br\/atelierdasflores\/product\/girassol-da-alegria-com-raffaello\/","title":{"rendered":"Girassol da Alegria Blue + Raffaello"},"content":{"rendered":"<p>Este lindo buqu\u00ea decorado possui:<\/p>\n<ul>\n<li>1 Girassol;<\/li>\n<li>3 Rosas azuis;<\/li>\n<li>1 Cx. de Raffaello 90g com 8 unidades.<\/li>\n<\/ul>\n","protected":false},"excerpt":{"rendered":"<p>Este buqu\u00ea \u00e9 uma combina\u00e7\u00e3o \u00fanica de cores e sabores, composto por tr\u00eas rosas azuis cativantes e um girassol radiante, acompanhados por uma caixa de deliciosos chocolates Raffaello com oito unidades. As rosas azuis representam a harmonia e a tranquilidade, enquanto o girassol traz um toque de vitalidade e alegria. A caixa de Raffaello \u00e9 uma mistura irresist\u00edvel de texturas crocantes e saborosos recheios de coco, trazendo um toque de sofistica\u00e7\u00e3o e indulg\u00eancia ao conjunto.<\/p>\n<ul>\n<li>A embalagem do buqu\u00ea <strong>varia<\/strong> de acordo com a disponibilidade em estoque.<\/li>\n<\/ul>\n","protected":false},"featured_media":1660,"template":"","meta":{"_joinchat":[]},"product_brand":[],"product_cat":[78,74,75,88],"product_tag":[],"class_list":{"0":"post-1659","1":"product","2":"type-product","3":"status-publish","4":"has-post-thumbnail","6":"product_cat-arranjos","7":"product_cat-buques","8":"product_cat-buques-de-chocolate","9":"product_cat-coroas-funebres","10":"tm-has-options","12":"first","13":"instock","14":"shipping-taxable","15":"purchasable","16":"product-type-simple"},"yoast_head":"<!-- This site is optimized with the Yoast SEO plugin v27.5 - https:\/\/yoast.com\/product\/yoast-seo-wordpress\/ -->\n<title>Girassol da Alegria Blue + Raffaello - Atelier das Flores<\/title>\n<meta name=\"robots\" content=\"index, follow, max-snippet:-1, max-image-preview:large, max-video-preview:-1\" \/>\n<link rel=\"canonical\" href=\"https:\/\/agenciaalavanca.com.br\/atelierdasflores\/product\/girassol-da-alegria-com-raffaello\/\" \/>\n<meta property=\"og:locale\" content=\"pt_BR\" \/>\n<meta property=\"og:type\" content=\"article\" \/>\n<meta property=\"og:title\" content=\"Girassol da Alegria Blue + Raffaello - Atelier das Flores\" \/>\n<meta property=\"og:description\" content=\"Este buqu\u00ea \u00e9 uma combina\u00e7\u00e3o \u00fanica de cores e sabores, composto por tr\u00eas rosas azuis cativantes e um girassol radiante, acompanhados por uma caixa de deliciosos chocolates Raffaello com oito unidades. As rosas azuis representam a harmonia e a tranquilidade, enquanto o girassol traz um toque de vitalidade e alegria. A caixa de Raffaello \u00e9 uma mistura irresist\u00edvel de texturas crocantes e saborosos recheios de coco, trazendo um toque de sofistica\u00e7\u00e3o e indulg\u00eancia ao conjunto.   A embalagem do buqu\u00ea varia de acordo com a disponibilidade em estoque.\" \/>\n<meta property=\"og:url\" content=\"https:\/\/agenciaalavanca.com.br\/atelierdasflores\/product\/girassol-da-alegria-com-raffaello\/\" \/>\n<meta property=\"og:site_name\" content=\"Atelier das Flores\" \/>\n<meta property=\"article:modified_time\" content=\"2024-04-05T11:22:21+00:00\" \/>\n<meta property=\"og:image\" content=\"https:\/\/agenciaalavanca.com.br\/atelierdasflores\/wp-content\/uploads\/2023\/05\/Girassol-Alegria-Blue-Raffaello.jpg\" \/>\n\t<meta property=\"og:image:width\" content=\"1000\" \/>\n\t<meta property=\"og:image:height\" content=\"1000\" \/>\n\t<meta property=\"og:image:type\" content=\"image\/jpeg\" \/>\n<meta name=\"twitter:card\" content=\"summary_large_image\" \/>\n<meta name=\"twitter:label1\" content=\"Est. tempo de leitura\" \/>\n\t<meta name=\"twitter:data1\" content=\"1 minuto\" \/>\n<script type=\"application\/ld+json\" class=\"yoast-schema-graph\">{\"@context\":\"https:\\\/\\\/schema.org\",\"@graph\":[{\"@type\":\"WebPage\",\"@id\":\"https:\\\/\\\/agenciaalavanca.com.br\\\/atelierdasflores\\\/product\\\/girassol-da-alegria-com-raffaello\\\/\",\"url\":\"https:\\\/\\\/agenciaalavanca.com.br\\\/atelierdasflores\\\/product\\\/girassol-da-alegria-com-raffaello\\\/\",\"name\":\"Girassol da Alegria Blue + Raffaello - Atelier das Flores\",\"isPartOf\":{\"@id\":\"https:\\\/\\\/agenciaalavanca.com.br\\\/atelierdasflores\\\/#website\"},\"primaryImageOfPage\":{\"@id\":\"https:\\\/\\\/agenciaalavanca.com.br\\\/atelierdasflores\\\/product\\\/girassol-da-alegria-com-raffaello\\\/#primaryimage\"},\"image\":{\"@id\":\"https:\\\/\\\/agenciaalavanca.com.br\\\/atelierdasflores\\\/product\\\/girassol-da-alegria-com-raffaello\\\/#primaryimage\"},\"thumbnailUrl\":\"https:\\\/\\\/agenciaalavanca.com.br\\\/atelierdasflores\\\/wp-content\\\/uploads\\\/2023\\\/05\\\/Girassol-Alegria-Blue-Raffaello.jpg\",\"datePublished\":\"2023-05-04T21:21:29+00:00\",\"dateModified\":\"2024-04-05T11:22:21+00:00\",\"breadcrumb\":{\"@id\":\"https:\\\/\\\/agenciaalavanca.com.br\\\/atelierdasflores\\\/product\\\/girassol-da-alegria-com-raffaello\\\/#breadcrumb\"},\"inLanguage\":\"pt-BR\",\"potentialAction\":[{\"@type\":\"ReadAction\",\"target\":[\"https:\\\/\\\/agenciaalavanca.com.br\\\/atelierdasflores\\\/product\\\/girassol-da-alegria-com-raffaello\\\/\"]}]},{\"@type\":\"ImageObject\",\"inLanguage\":\"pt-BR\",\"@id\":\"https:\\\/\\\/agenciaalavanca.com.br\\\/atelierdasflores\\\/product\\\/girassol-da-alegria-com-raffaello\\\/#primaryimage\",\"url\":\"https:\\\/\\\/agenciaalavanca.com.br\\\/atelierdasflores\\\/wp-content\\\/uploads\\\/2023\\\/05\\\/Girassol-Alegria-Blue-Raffaello.jpg\",\"contentUrl\":\"https:\\\/\\\/agenciaalavanca.com.br\\\/atelierdasflores\\\/wp-content\\\/uploads\\\/2023\\\/05\\\/Girassol-Alegria-Blue-Raffaello.jpg\",\"width\":1000,\"height\":1000},{\"@type\":\"BreadcrumbList\",\"@id\":\"https:\\\/\\\/agenciaalavanca.com.br\\\/atelierdasflores\\\/product\\\/girassol-da-alegria-com-raffaello\\\/#breadcrumb\",\"itemListElement\":[{\"@type\":\"ListItem\",\"position\":1,\"name\":\"In\u00edcio\",\"item\":\"https:\\\/\\\/agenciaalavanca.com.br\\\/atelierdasflores\\\/\"},{\"@type\":\"ListItem\",\"position\":2,\"name\":\"Produtos\",\"item\":\"https:\\\/\\\/agenciaalavanca.com.br\\\/atelierdasflores\\\/shop\\\/\"},{\"@type\":\"ListItem\",\"position\":3,\"name\":\"Girassol da Alegria Blue + Raffaello\"}]},{\"@type\":\"WebSite\",\"@id\":\"https:\\\/\\\/agenciaalavanca.com.br\\\/atelierdasflores\\\/#website\",\"url\":\"https:\\\/\\\/agenciaalavanca.com.br\\\/atelierdasflores\\\/\",\"name\":\"Atelier das Flores\",\"description\":\"Com todo carinho, da produ\u00e7\u00e3o ao destino!\",\"potentialAction\":[{\"@type\":\"SearchAction\",\"target\":{\"@type\":\"EntryPoint\",\"urlTemplate\":\"https:\\\/\\\/agenciaalavanca.com.br\\\/atelierdasflores\\\/?s={search_term_string}\"},\"query-input\":{\"@type\":\"PropertyValueSpecification\",\"valueRequired\":true,\"valueName\":\"search_term_string\"}}],\"inLanguage\":\"pt-BR\"}]}<\/script>\n<!-- \/ Yoast SEO plugin. -->","yoast_head_json":{"title":"Girassol da Alegria Blue + Raffaello - Atelier das Flores","robots":{"index":"index","follow":"follow","max-snippet":"max-snippet:-1","max-image-preview":"max-image-preview:large","max-video-preview":"max-video-preview:-1"},"canonical":"https:\/\/agenciaalavanca.com.br\/atelierdasflores\/product\/girassol-da-alegria-com-raffaello\/","og_locale":"pt_BR","og_type":"article","og_title":"Girassol da Alegria Blue + Raffaello - Atelier das Flores","og_description":"Este buqu\u00ea \u00e9 uma combina\u00e7\u00e3o \u00fanica de cores e sabores, composto por tr\u00eas rosas azuis cativantes e um girassol radiante, acompanhados por uma caixa de deliciosos chocolates Raffaello com oito unidades. As rosas azuis representam a harmonia e a tranquilidade, enquanto o girassol traz um toque de vitalidade e alegria. A caixa de Raffaello \u00e9 uma mistura irresist\u00edvel de texturas crocantes e saborosos recheios de coco, trazendo um toque de sofistica\u00e7\u00e3o e indulg\u00eancia ao conjunto.   A embalagem do buqu\u00ea varia de acordo com a disponibilidade em estoque.","og_url":"https:\/\/agenciaalavanca.com.br\/atelierdasflores\/product\/girassol-da-alegria-com-raffaello\/","og_site_name":"Atelier das Flores","article_modified_time":"2024-04-05T11:22:21+00:00","og_image":[{"width":1000,"height":1000,"url":"https:\/\/agenciaalavanca.com.br\/atelierdasflores\/wp-content\/uploads\/2023\/05\/Girassol-Alegria-Blue-Raffaello.jpg","type":"image\/jpeg"}],"twitter_card":"summary_large_image","twitter_misc":{"Est. tempo de leitura":"1 minuto"},"schema":{"@context":"https:\/\/schema.org","@graph":[{"@type":"WebPage","@id":"https:\/\/agenciaalavanca.com.br\/atelierdasflores\/product\/girassol-da-alegria-com-raffaello\/","url":"https:\/\/agenciaalavanca.com.br\/atelierdasflores\/product\/girassol-da-alegria-com-raffaello\/","name":"Girassol da Alegria Blue + Raffaello - Atelier das Flores","isPartOf":{"@id":"https:\/\/agenciaalavanca.com.br\/atelierdasflores\/#website"},"primaryImageOfPage":{"@id":"https:\/\/agenciaalavanca.com.br\/atelierdasflores\/product\/girassol-da-alegria-com-raffaello\/#primaryimage"},"image":{"@id":"https:\/\/agenciaalavanca.com.br\/atelierdasflores\/product\/girassol-da-alegria-com-raffaello\/#primaryimage"},"thumbnailUrl":"https:\/\/agenciaalavanca.com.br\/atelierdasflores\/wp-content\/uploads\/2023\/05\/Girassol-Alegria-Blue-Raffaello.jpg","datePublished":"2023-05-04T21:21:29+00:00","dateModified":"2024-04-05T11:22:21+00:00","breadcrumb":{"@id":"https:\/\/agenciaalavanca.com.br\/atelierdasflores\/product\/girassol-da-alegria-com-raffaello\/#breadcrumb"},"inLanguage":"pt-BR","potentialAction":[{"@type":"ReadAction","target":["https:\/\/agenciaalavanca.com.br\/atelierdasflores\/product\/girassol-da-alegria-com-raffaello\/"]}]},{"@type":"ImageObject","inLanguage":"pt-BR","@id":"https:\/\/agenciaalavanca.com.br\/atelierdasflores\/product\/girassol-da-alegria-com-raffaello\/#primaryimage","url":"https:\/\/agenciaalavanca.com.br\/atelierdasflores\/wp-content\/uploads\/2023\/05\/Girassol-Alegria-Blue-Raffaello.jpg","contentUrl":"https:\/\/agenciaalavanca.com.br\/atelierdasflores\/wp-content\/uploads\/2023\/05\/Girassol-Alegria-Blue-Raffaello.jpg","width":1000,"height":1000},{"@type":"BreadcrumbList","@id":"https:\/\/agenciaalavanca.com.br\/atelierdasflores\/product\/girassol-da-alegria-com-raffaello\/#breadcrumb","itemListElement":[{"@type":"ListItem","position":1,"name":"In\u00edcio","item":"https:\/\/agenciaalavanca.com.br\/atelierdasflores\/"},{"@type":"ListItem","position":2,"name":"Produtos","item":"https:\/\/agenciaalavanca.com.br\/atelierdasflores\/shop\/"},{"@type":"ListItem","position":3,"name":"Girassol da Alegria Blue + Raffaello"}]},{"@type":"WebSite","@id":"https:\/\/agenciaalavanca.com.br\/atelierdasflores\/#website","url":"https:\/\/agenciaalavanca.com.br\/atelierdasflores\/","name":"Atelier das Flores","description":"Com todo carinho, da produ\u00e7\u00e3o ao destino!","potentialAction":[{"@type":"SearchAction","target":{"@type":"EntryPoint","urlTemplate":"https:\/\/agenciaalavanca.com.br\/atelierdasflores\/?s={search_term_string}"},"query-input":{"@type":"PropertyValueSpecification","valueRequired":true,"valueName":"search_term_string"}}],"inLanguage":"pt-BR"}]}},"_links":{"self":[{"href":"https:\/\/agenciaalavanca.com.br\/atelierdasflores\/wp-json\/wp\/v2\/product\/1659","targetHints":{"allow":["GET"]}}],"collection":[{"href":"https:\/\/agenciaalavanca.com.br\/atelierdasflores\/wp-json\/wp\/v2\/product"}],"about":[{"href":"https:\/\/agenciaalavanca.com.br\/atelierdasflores\/wp-json\/wp\/v2\/types\/product"}],"wp:featuredmedia":[{"embeddable":true,"href":"https:\/\/agenciaalavanca.com.br\/atelierdasflores\/wp-json\/wp\/v2\/media\/1660"}],"wp:attachment":[{"href":"https:\/\/agenciaalavanca.com.br\/atelierdasflores\/wp-json\/wp\/v2\/media?parent=1659"}],"wp:term":[{"taxonomy":"product_brand","embeddable":true,"href":"https:\/\/agenciaalavanca.com.br\/atelierdasflores\/wp-json\/wp\/v2\/product_brand?post=1659"},{"taxonomy":"product_cat","embeddable":true,"href":"https:\/\/agenciaalavanca.com.br\/atelierdasflores\/wp-json\/wp\/v2\/product_cat?post=1659"},{"taxonomy":"product_tag","embeddable":true,"href":"https:\/\/agenciaalavanca.com.br\/atelierdasflores\/wp-json\/wp\/v2\/product_tag?post=1659"}],"curies":[{"name":"wp","href":"https:\/\/api.w.org\/{rel}","templated":true}]}}