{"id":1663,"date":"2023-05-04T18:49:36","date_gmt":"2023-05-04T21:49:36","guid":{"rendered":"https:\/\/agenciaalavanca.com.br\/atelierdasflores\/?post_type=product&#038;p=1663"},"modified":"2024-06-10T13:18:37","modified_gmt":"2024-06-10T16:18:37","slug":"buque-encanto-2","status":"publish","type":"product","link":"https:\/\/agenciaalavanca.com.br\/atelierdasflores\/product\/buque-encanto-2\/","title":{"rendered":"Buqu\u00ea Encanto"},"content":{"rendered":"<div>\n<p>\u00c9 a escolha perfeita para ocasi\u00f5es especiais, como anivers\u00e1rios, Dia dos Namorados, ou para surpreender algu\u00e9m especial com um gesto rom\u00e2ntico e encantador. Com sua combina\u00e7\u00e3o \u00fanica de flores, cores e significados, este buqu\u00ea certamente ir\u00e1 encantar e emocionar quem o receber.<\/p>\n<\/div>\n<ul>\n<li>A embalagem do buqu\u00ea <strong>varia<\/strong> de acordo com a disponibilidade em estoque.<\/li>\n<\/ul>\n<p>Este buqu\u00ea decorado cont\u00e9m:<\/p>\n<ul>\n<li>6 Rosas vermelhas;<\/li>\n<li>1 Girassol;<\/li>\n<li>Flores complementares.<\/li>\n<\/ul>\n","protected":false},"excerpt":{"rendered":"<div>\n<p>Este buqu\u00ea \u00e9 um verdadeiro encanto para os olhos e os sentidos, composto por seis rosas vermelhas apaixonadas, um girassol radiante e flores complementares selecionadas com esmero. As rosas vermelhas simbolizam o amor e a paix\u00e3o, enquanto o girassol traz um toque de alegria e vitalidade, tornando este buqu\u00ea uma combina\u00e7\u00e3o encantadora e inesquec\u00edvel. Ao presentear com o Buqu\u00ea Encanto, voc\u00ea estar\u00e1 oferecendo um presente que \u00e9 tanto visualmente impactante quanto simbolicamente significativo.<\/p>\n<\/div>\n","protected":false},"featured_media":1666,"template":"","meta":{"_joinchat":[]},"product_brand":[],"product_cat":[74,88,80],"product_tag":[],"class_list":{"0":"post-1663","1":"product","2":"type-product","3":"status-publish","4":"has-post-thumbnail","6":"product_cat-buques","7":"product_cat-coroas-funebres","8":"product_cat-romanticos","9":"tm-has-options","11":"first","12":"instock","13":"shipping-taxable","14":"purchasable","15":"product-type-simple"},"yoast_head":"<!-- This site is optimized with the Yoast SEO plugin v27.5 - https:\/\/yoast.com\/product\/yoast-seo-wordpress\/ -->\n<title>Buqu\u00ea Encanto - Atelier das Flores<\/title>\n<meta name=\"robots\" content=\"index, follow, max-snippet:-1, max-image-preview:large, max-video-preview:-1\" \/>\n<link rel=\"canonical\" href=\"https:\/\/agenciaalavanca.com.br\/atelierdasflores\/product\/buque-encanto-2\/\" \/>\n<meta property=\"og:locale\" content=\"pt_BR\" \/>\n<meta property=\"og:type\" content=\"article\" \/>\n<meta property=\"og:title\" content=\"Buqu\u00ea Encanto - Atelier das Flores\" \/>\n<meta property=\"og:description\" content=\"Este buqu\u00ea \u00e9 um verdadeiro encanto para os olhos e os sentidos, composto por seis rosas vermelhas apaixonadas, um girassol radiante e flores complementares selecionadas com esmero. As rosas vermelhas simbolizam o amor e a paix\u00e3o, enquanto o girassol traz um toque de alegria e vitalidade, tornando este buqu\u00ea uma combina\u00e7\u00e3o encantadora e inesquec\u00edvel. Ao presentear com o Buqu\u00ea Encanto, voc\u00ea estar\u00e1 oferecendo um presente que \u00e9 tanto visualmente impactante quanto simbolicamente significativo.\" \/>\n<meta property=\"og:url\" content=\"https:\/\/agenciaalavanca.com.br\/atelierdasflores\/product\/buque-encanto-2\/\" \/>\n<meta property=\"og:site_name\" content=\"Atelier das Flores\" \/>\n<meta property=\"article:modified_time\" content=\"2024-06-10T16:18:37+00:00\" \/>\n<meta property=\"og:image\" content=\"https:\/\/agenciaalavanca.com.br\/atelierdasflores\/wp-content\/uploads\/2023\/05\/Buque-Encanto.jpg\" \/>\n\t<meta property=\"og:image:width\" content=\"1000\" \/>\n\t<meta property=\"og:image:height\" content=\"1000\" \/>\n\t<meta property=\"og:image:type\" content=\"image\/jpeg\" \/>\n<meta name=\"twitter:card\" content=\"summary_large_image\" \/>\n<meta name=\"twitter:label1\" content=\"Est. tempo de leitura\" \/>\n\t<meta name=\"twitter:data1\" content=\"1 minuto\" \/>\n<script type=\"application\/ld+json\" class=\"yoast-schema-graph\">{\"@context\":\"https:\\\/\\\/schema.org\",\"@graph\":[{\"@type\":\"WebPage\",\"@id\":\"https:\\\/\\\/agenciaalavanca.com.br\\\/atelierdasflores\\\/product\\\/buque-encanto-2\\\/\",\"url\":\"https:\\\/\\\/agenciaalavanca.com.br\\\/atelierdasflores\\\/product\\\/buque-encanto-2\\\/\",\"name\":\"Buqu\u00ea Encanto - Atelier das Flores\",\"isPartOf\":{\"@id\":\"https:\\\/\\\/agenciaalavanca.com.br\\\/atelierdasflores\\\/#website\"},\"primaryImageOfPage\":{\"@id\":\"https:\\\/\\\/agenciaalavanca.com.br\\\/atelierdasflores\\\/product\\\/buque-encanto-2\\\/#primaryimage\"},\"image\":{\"@id\":\"https:\\\/\\\/agenciaalavanca.com.br\\\/atelierdasflores\\\/product\\\/buque-encanto-2\\\/#primaryimage\"},\"thumbnailUrl\":\"https:\\\/\\\/agenciaalavanca.com.br\\\/atelierdasflores\\\/wp-content\\\/uploads\\\/2023\\\/05\\\/Buque-Encanto.jpg\",\"datePublished\":\"2023-05-04T21:49:36+00:00\",\"dateModified\":\"2024-06-10T16:18:37+00:00\",\"breadcrumb\":{\"@id\":\"https:\\\/\\\/agenciaalavanca.com.br\\\/atelierdasflores\\\/product\\\/buque-encanto-2\\\/#breadcrumb\"},\"inLanguage\":\"pt-BR\",\"potentialAction\":[{\"@type\":\"ReadAction\",\"target\":[\"https:\\\/\\\/agenciaalavanca.com.br\\\/atelierdasflores\\\/product\\\/buque-encanto-2\\\/\"]}]},{\"@type\":\"ImageObject\",\"inLanguage\":\"pt-BR\",\"@id\":\"https:\\\/\\\/agenciaalavanca.com.br\\\/atelierdasflores\\\/product\\\/buque-encanto-2\\\/#primaryimage\",\"url\":\"https:\\\/\\\/agenciaalavanca.com.br\\\/atelierdasflores\\\/wp-content\\\/uploads\\\/2023\\\/05\\\/Buque-Encanto.jpg\",\"contentUrl\":\"https:\\\/\\\/agenciaalavanca.com.br\\\/atelierdasflores\\\/wp-content\\\/uploads\\\/2023\\\/05\\\/Buque-Encanto.jpg\",\"width\":1000,\"height\":1000},{\"@type\":\"BreadcrumbList\",\"@id\":\"https:\\\/\\\/agenciaalavanca.com.br\\\/atelierdasflores\\\/product\\\/buque-encanto-2\\\/#breadcrumb\",\"itemListElement\":[{\"@type\":\"ListItem\",\"position\":1,\"name\":\"In\u00edcio\",\"item\":\"https:\\\/\\\/agenciaalavanca.com.br\\\/atelierdasflores\\\/\"},{\"@type\":\"ListItem\",\"position\":2,\"name\":\"Produtos\",\"item\":\"https:\\\/\\\/agenciaalavanca.com.br\\\/atelierdasflores\\\/shop\\\/\"},{\"@type\":\"ListItem\",\"position\":3,\"name\":\"Buqu\u00ea Encanto\"}]},{\"@type\":\"WebSite\",\"@id\":\"https:\\\/\\\/agenciaalavanca.com.br\\\/atelierdasflores\\\/#website\",\"url\":\"https:\\\/\\\/agenciaalavanca.com.br\\\/atelierdasflores\\\/\",\"name\":\"Atelier das Flores\",\"description\":\"Com todo carinho, da produ\u00e7\u00e3o ao destino!\",\"potentialAction\":[{\"@type\":\"SearchAction\",\"target\":{\"@type\":\"EntryPoint\",\"urlTemplate\":\"https:\\\/\\\/agenciaalavanca.com.br\\\/atelierdasflores\\\/?s={search_term_string}\"},\"query-input\":{\"@type\":\"PropertyValueSpecification\",\"valueRequired\":true,\"valueName\":\"search_term_string\"}}],\"inLanguage\":\"pt-BR\"}]}<\/script>\n<!-- \/ Yoast SEO plugin. -->","yoast_head_json":{"title":"Buqu\u00ea Encanto - Atelier das Flores","robots":{"index":"index","follow":"follow","max-snippet":"max-snippet:-1","max-image-preview":"max-image-preview:large","max-video-preview":"max-video-preview:-1"},"canonical":"https:\/\/agenciaalavanca.com.br\/atelierdasflores\/product\/buque-encanto-2\/","og_locale":"pt_BR","og_type":"article","og_title":"Buqu\u00ea Encanto - Atelier das Flores","og_description":"Este buqu\u00ea \u00e9 um verdadeiro encanto para os olhos e os sentidos, composto por seis rosas vermelhas apaixonadas, um girassol radiante e flores complementares selecionadas com esmero. As rosas vermelhas simbolizam o amor e a paix\u00e3o, enquanto o girassol traz um toque de alegria e vitalidade, tornando este buqu\u00ea uma combina\u00e7\u00e3o encantadora e inesquec\u00edvel. Ao presentear com o Buqu\u00ea Encanto, voc\u00ea estar\u00e1 oferecendo um presente que \u00e9 tanto visualmente impactante quanto simbolicamente significativo.","og_url":"https:\/\/agenciaalavanca.com.br\/atelierdasflores\/product\/buque-encanto-2\/","og_site_name":"Atelier das Flores","article_modified_time":"2024-06-10T16:18:37+00:00","og_image":[{"width":1000,"height":1000,"url":"https:\/\/agenciaalavanca.com.br\/atelierdasflores\/wp-content\/uploads\/2023\/05\/Buque-Encanto.jpg","type":"image\/jpeg"}],"twitter_card":"summary_large_image","twitter_misc":{"Est. tempo de leitura":"1 minuto"},"schema":{"@context":"https:\/\/schema.org","@graph":[{"@type":"WebPage","@id":"https:\/\/agenciaalavanca.com.br\/atelierdasflores\/product\/buque-encanto-2\/","url":"https:\/\/agenciaalavanca.com.br\/atelierdasflores\/product\/buque-encanto-2\/","name":"Buqu\u00ea Encanto - Atelier das Flores","isPartOf":{"@id":"https:\/\/agenciaalavanca.com.br\/atelierdasflores\/#website"},"primaryImageOfPage":{"@id":"https:\/\/agenciaalavanca.com.br\/atelierdasflores\/product\/buque-encanto-2\/#primaryimage"},"image":{"@id":"https:\/\/agenciaalavanca.com.br\/atelierdasflores\/product\/buque-encanto-2\/#primaryimage"},"thumbnailUrl":"https:\/\/agenciaalavanca.com.br\/atelierdasflores\/wp-content\/uploads\/2023\/05\/Buque-Encanto.jpg","datePublished":"2023-05-04T21:49:36+00:00","dateModified":"2024-06-10T16:18:37+00:00","breadcrumb":{"@id":"https:\/\/agenciaalavanca.com.br\/atelierdasflores\/product\/buque-encanto-2\/#breadcrumb"},"inLanguage":"pt-BR","potentialAction":[{"@type":"ReadAction","target":["https:\/\/agenciaalavanca.com.br\/atelierdasflores\/product\/buque-encanto-2\/"]}]},{"@type":"ImageObject","inLanguage":"pt-BR","@id":"https:\/\/agenciaalavanca.com.br\/atelierdasflores\/product\/buque-encanto-2\/#primaryimage","url":"https:\/\/agenciaalavanca.com.br\/atelierdasflores\/wp-content\/uploads\/2023\/05\/Buque-Encanto.jpg","contentUrl":"https:\/\/agenciaalavanca.com.br\/atelierdasflores\/wp-content\/uploads\/2023\/05\/Buque-Encanto.jpg","width":1000,"height":1000},{"@type":"BreadcrumbList","@id":"https:\/\/agenciaalavanca.com.br\/atelierdasflores\/product\/buque-encanto-2\/#breadcrumb","itemListElement":[{"@type":"ListItem","position":1,"name":"In\u00edcio","item":"https:\/\/agenciaalavanca.com.br\/atelierdasflores\/"},{"@type":"ListItem","position":2,"name":"Produtos","item":"https:\/\/agenciaalavanca.com.br\/atelierdasflores\/shop\/"},{"@type":"ListItem","position":3,"name":"Buqu\u00ea Encanto"}]},{"@type":"WebSite","@id":"https:\/\/agenciaalavanca.com.br\/atelierdasflores\/#website","url":"https:\/\/agenciaalavanca.com.br\/atelierdasflores\/","name":"Atelier das Flores","description":"Com todo carinho, da produ\u00e7\u00e3o ao destino!","potentialAction":[{"@type":"SearchAction","target":{"@type":"EntryPoint","urlTemplate":"https:\/\/agenciaalavanca.com.br\/atelierdasflores\/?s={search_term_string}"},"query-input":{"@type":"PropertyValueSpecification","valueRequired":true,"valueName":"search_term_string"}}],"inLanguage":"pt-BR"}]}},"_links":{"self":[{"href":"https:\/\/agenciaalavanca.com.br\/atelierdasflores\/wp-json\/wp\/v2\/product\/1663","targetHints":{"allow":["GET"]}}],"collection":[{"href":"https:\/\/agenciaalavanca.com.br\/atelierdasflores\/wp-json\/wp\/v2\/product"}],"about":[{"href":"https:\/\/agenciaalavanca.com.br\/atelierdasflores\/wp-json\/wp\/v2\/types\/product"}],"wp:featuredmedia":[{"embeddable":true,"href":"https:\/\/agenciaalavanca.com.br\/atelierdasflores\/wp-json\/wp\/v2\/media\/1666"}],"wp:attachment":[{"href":"https:\/\/agenciaalavanca.com.br\/atelierdasflores\/wp-json\/wp\/v2\/media?parent=1663"}],"wp:term":[{"taxonomy":"product_brand","embeddable":true,"href":"https:\/\/agenciaalavanca.com.br\/atelierdasflores\/wp-json\/wp\/v2\/product_brand?post=1663"},{"taxonomy":"product_cat","embeddable":true,"href":"https:\/\/agenciaalavanca.com.br\/atelierdasflores\/wp-json\/wp\/v2\/product_cat?post=1663"},{"taxonomy":"product_tag","embeddable":true,"href":"https:\/\/agenciaalavanca.com.br\/atelierdasflores\/wp-json\/wp\/v2\/product_tag?post=1663"}],"curies":[{"name":"wp","href":"https:\/\/api.w.org\/{rel}","templated":true}]}}