{"id":1779,"date":"2023-08-10T11:49:59","date_gmt":"2023-08-10T14:49:59","guid":{"rendered":"https:\/\/agenciaalavanca.com.br\/atelierdasflores\/product\/cesta-heineken\/"},"modified":"2023-09-29T10:44:18","modified_gmt":"2023-09-29T13:44:18","slug":"cesta-heineken","status":"publish","type":"product","link":"https:\/\/agenciaalavanca.com.br\/atelierdasflores\/product\/cesta-heineken\/","title":{"rendered":"Cesta Heineken"},"content":{"rendered":"","protected":false},"excerpt":{"rendered":"","protected":false},"featured_media":1762,"template":"","meta":{"_joinchat":[]},"product_brand":[],"product_cat":[86,76,88,15],"product_tag":[],"class_list":{"0":"post-1779","1":"product","2":"type-product","3":"status-publish","4":"has-post-thumbnail","6":"product_cat-cervejas-e-vinhos","7":"product_cat-cestas","8":"product_cat-coroas-funebres","9":"product_cat-loja","10":"tm-has-options","12":"first","13":"instock","14":"shipping-taxable","15":"purchasable","16":"product-type-simple"},"yoast_head":"<!-- This site is optimized with the Yoast SEO plugin v27.4 - https:\/\/yoast.com\/product\/yoast-seo-wordpress\/ -->\n<title>Cesta Heineken - Atelier das Flores<\/title>\n<meta name=\"description\" content=\"Cesta para presentear com balde de gelo Heineken e 3 cervejas 330 ml puro malte lager.Cont\u00e9m 1 KitKat 1 Batata Splice sabor tradicional salgado torcida chocolates variados e Medidas balde : Altura 17 cm e di\u00e3metro 18 cmBalde de aluminio .\u00d3tima op\u00e7\u00e3o de presente para toda ocasi\u00e3o especial.Vai embalado em em um saquinho de celofane com um lindo la\u00e7o branco de cetimMedidas cesta completa : Altura 29 cm\/ largura e comprimento 22 cm.\" \/>\n<meta name=\"robots\" content=\"index, follow, max-snippet:-1, max-image-preview:large, max-video-preview:-1\" \/>\n<link rel=\"canonical\" href=\"https:\/\/agenciaalavanca.com.br\/atelierdasflores\/product\/cesta-heineken\/\" \/>\n<meta property=\"og:locale\" content=\"pt_BR\" \/>\n<meta property=\"og:type\" content=\"article\" \/>\n<meta property=\"og:title\" content=\"Cesta Heineken - Atelier das Flores\" \/>\n<meta property=\"og:description\" content=\"Cesta para presentear com balde de gelo Heineken e 3 cervejas 330 ml puro malte lager.Cont\u00e9m 1 KitKat 1 Batata Splice sabor tradicional salgado torcida chocolates variados e Medidas balde : Altura 17 cm e di\u00e3metro 18 cmBalde de aluminio .\u00d3tima op\u00e7\u00e3o de presente para toda ocasi\u00e3o especial.Vai embalado em em um saquinho de celofane com um lindo la\u00e7o branco de cetimMedidas cesta completa : Altura 29 cm\/ largura e comprimento 22 cm.\" \/>\n<meta property=\"og:url\" content=\"https:\/\/agenciaalavanca.com.br\/atelierdasflores\/product\/cesta-heineken\/\" \/>\n<meta property=\"og:site_name\" content=\"Atelier das Flores\" \/>\n<meta property=\"article:modified_time\" content=\"2023-09-29T13:44:18+00:00\" \/>\n<meta property=\"og:image\" content=\"https:\/\/agenciaalavanca.com.br\/atelierdasflores\/wp-content\/uploads\/2023\/08\/Cesta-Heineken.jpeg\" \/>\n\t<meta property=\"og:image:width\" content=\"1000\" \/>\n\t<meta property=\"og:image:height\" content=\"1000\" \/>\n\t<meta property=\"og:image:type\" content=\"image\/jpeg\" \/>\n<meta name=\"twitter:card\" content=\"summary_large_image\" \/>\n<script type=\"application\/ld+json\" class=\"yoast-schema-graph\">{\"@context\":\"https:\\\/\\\/schema.org\",\"@graph\":[{\"@type\":\"WebPage\",\"@id\":\"https:\\\/\\\/agenciaalavanca.com.br\\\/atelierdasflores\\\/product\\\/cesta-heineken\\\/\",\"url\":\"https:\\\/\\\/agenciaalavanca.com.br\\\/atelierdasflores\\\/product\\\/cesta-heineken\\\/\",\"name\":\"Cesta Heineken - Atelier das Flores\",\"isPartOf\":{\"@id\":\"https:\\\/\\\/agenciaalavanca.com.br\\\/atelierdasflores\\\/#website\"},\"primaryImageOfPage\":{\"@id\":\"https:\\\/\\\/agenciaalavanca.com.br\\\/atelierdasflores\\\/product\\\/cesta-heineken\\\/#primaryimage\"},\"image\":{\"@id\":\"https:\\\/\\\/agenciaalavanca.com.br\\\/atelierdasflores\\\/product\\\/cesta-heineken\\\/#primaryimage\"},\"thumbnailUrl\":\"https:\\\/\\\/agenciaalavanca.com.br\\\/atelierdasflores\\\/wp-content\\\/uploads\\\/2023\\\/08\\\/Cesta-Heineken.jpeg\",\"datePublished\":\"2023-08-10T14:49:59+00:00\",\"dateModified\":\"2023-09-29T13:44:18+00:00\",\"description\":\"Cesta para presentear com balde de gelo Heineken e 3 cervejas 330 ml puro malte lager.Cont\u00e9m 1 KitKat 1 Batata Splice sabor tradicional salgado torcida chocolates variados e Medidas balde : Altura 17 cm e di\u00e3metro 18 cmBalde de aluminio .\u00d3tima op\u00e7\u00e3o de presente para toda ocasi\u00e3o especial.Vai embalado em em um saquinho de celofane com um lindo la\u00e7o branco de cetimMedidas cesta completa : Altura 29 cm\\\/ largura e comprimento 22 cm.\",\"breadcrumb\":{\"@id\":\"https:\\\/\\\/agenciaalavanca.com.br\\\/atelierdasflores\\\/product\\\/cesta-heineken\\\/#breadcrumb\"},\"inLanguage\":\"pt-BR\",\"potentialAction\":[{\"@type\":\"ReadAction\",\"target\":[\"https:\\\/\\\/agenciaalavanca.com.br\\\/atelierdasflores\\\/product\\\/cesta-heineken\\\/\"]}]},{\"@type\":\"ImageObject\",\"inLanguage\":\"pt-BR\",\"@id\":\"https:\\\/\\\/agenciaalavanca.com.br\\\/atelierdasflores\\\/product\\\/cesta-heineken\\\/#primaryimage\",\"url\":\"https:\\\/\\\/agenciaalavanca.com.br\\\/atelierdasflores\\\/wp-content\\\/uploads\\\/2023\\\/08\\\/Cesta-Heineken.jpeg\",\"contentUrl\":\"https:\\\/\\\/agenciaalavanca.com.br\\\/atelierdasflores\\\/wp-content\\\/uploads\\\/2023\\\/08\\\/Cesta-Heineken.jpeg\",\"width\":1000,\"height\":1000},{\"@type\":\"BreadcrumbList\",\"@id\":\"https:\\\/\\\/agenciaalavanca.com.br\\\/atelierdasflores\\\/product\\\/cesta-heineken\\\/#breadcrumb\",\"itemListElement\":[{\"@type\":\"ListItem\",\"position\":1,\"name\":\"In\u00edcio\",\"item\":\"https:\\\/\\\/agenciaalavanca.com.br\\\/atelierdasflores\\\/\"},{\"@type\":\"ListItem\",\"position\":2,\"name\":\"Produtos\",\"item\":\"https:\\\/\\\/agenciaalavanca.com.br\\\/atelierdasflores\\\/shop\\\/\"},{\"@type\":\"ListItem\",\"position\":3,\"name\":\"Cesta Heineken\"}]},{\"@type\":\"WebSite\",\"@id\":\"https:\\\/\\\/agenciaalavanca.com.br\\\/atelierdasflores\\\/#website\",\"url\":\"https:\\\/\\\/agenciaalavanca.com.br\\\/atelierdasflores\\\/\",\"name\":\"Atelier das Flores\",\"description\":\"Com todo carinho, da produ\u00e7\u00e3o ao destino!\",\"potentialAction\":[{\"@type\":\"SearchAction\",\"target\":{\"@type\":\"EntryPoint\",\"urlTemplate\":\"https:\\\/\\\/agenciaalavanca.com.br\\\/atelierdasflores\\\/?s={search_term_string}\"},\"query-input\":{\"@type\":\"PropertyValueSpecification\",\"valueRequired\":true,\"valueName\":\"search_term_string\"}}],\"inLanguage\":\"pt-BR\"}]}<\/script>\n<!-- \/ Yoast SEO plugin. -->","yoast_head_json":{"title":"Cesta Heineken - Atelier das Flores","description":"Cesta para presentear com balde de gelo Heineken e 3 cervejas 330 ml puro malte lager.Cont\u00e9m 1 KitKat 1 Batata Splice sabor tradicional salgado torcida chocolates variados e Medidas balde : Altura 17 cm e di\u00e3metro 18 cmBalde de aluminio .\u00d3tima op\u00e7\u00e3o de presente para toda ocasi\u00e3o especial.Vai embalado em em um saquinho de celofane com um lindo la\u00e7o branco de cetimMedidas cesta completa : Altura 29 cm\/ largura e comprimento 22 cm.","robots":{"index":"index","follow":"follow","max-snippet":"max-snippet:-1","max-image-preview":"max-image-preview:large","max-video-preview":"max-video-preview:-1"},"canonical":"https:\/\/agenciaalavanca.com.br\/atelierdasflores\/product\/cesta-heineken\/","og_locale":"pt_BR","og_type":"article","og_title":"Cesta Heineken - Atelier das Flores","og_description":"Cesta para presentear com balde de gelo Heineken e 3 cervejas 330 ml puro malte lager.Cont\u00e9m 1 KitKat 1 Batata Splice sabor tradicional salgado torcida chocolates variados e Medidas balde : Altura 17 cm e di\u00e3metro 18 cmBalde de aluminio .\u00d3tima op\u00e7\u00e3o de presente para toda ocasi\u00e3o especial.Vai embalado em em um saquinho de celofane com um lindo la\u00e7o branco de cetimMedidas cesta completa : Altura 29 cm\/ largura e comprimento 22 cm.","og_url":"https:\/\/agenciaalavanca.com.br\/atelierdasflores\/product\/cesta-heineken\/","og_site_name":"Atelier das Flores","article_modified_time":"2023-09-29T13:44:18+00:00","og_image":[{"width":1000,"height":1000,"url":"https:\/\/agenciaalavanca.com.br\/atelierdasflores\/wp-content\/uploads\/2023\/08\/Cesta-Heineken.jpeg","type":"image\/jpeg"}],"twitter_card":"summary_large_image","schema":{"@context":"https:\/\/schema.org","@graph":[{"@type":"WebPage","@id":"https:\/\/agenciaalavanca.com.br\/atelierdasflores\/product\/cesta-heineken\/","url":"https:\/\/agenciaalavanca.com.br\/atelierdasflores\/product\/cesta-heineken\/","name":"Cesta Heineken - Atelier das Flores","isPartOf":{"@id":"https:\/\/agenciaalavanca.com.br\/atelierdasflores\/#website"},"primaryImageOfPage":{"@id":"https:\/\/agenciaalavanca.com.br\/atelierdasflores\/product\/cesta-heineken\/#primaryimage"},"image":{"@id":"https:\/\/agenciaalavanca.com.br\/atelierdasflores\/product\/cesta-heineken\/#primaryimage"},"thumbnailUrl":"https:\/\/agenciaalavanca.com.br\/atelierdasflores\/wp-content\/uploads\/2023\/08\/Cesta-Heineken.jpeg","datePublished":"2023-08-10T14:49:59+00:00","dateModified":"2023-09-29T13:44:18+00:00","description":"Cesta para presentear com balde de gelo Heineken e 3 cervejas 330 ml puro malte lager.Cont\u00e9m 1 KitKat 1 Batata Splice sabor tradicional salgado torcida chocolates variados e Medidas balde : Altura 17 cm e di\u00e3metro 18 cmBalde de aluminio .\u00d3tima op\u00e7\u00e3o de presente para toda ocasi\u00e3o especial.Vai embalado em em um saquinho de celofane com um lindo la\u00e7o branco de cetimMedidas cesta completa : Altura 29 cm\/ largura e comprimento 22 cm.","breadcrumb":{"@id":"https:\/\/agenciaalavanca.com.br\/atelierdasflores\/product\/cesta-heineken\/#breadcrumb"},"inLanguage":"pt-BR","potentialAction":[{"@type":"ReadAction","target":["https:\/\/agenciaalavanca.com.br\/atelierdasflores\/product\/cesta-heineken\/"]}]},{"@type":"ImageObject","inLanguage":"pt-BR","@id":"https:\/\/agenciaalavanca.com.br\/atelierdasflores\/product\/cesta-heineken\/#primaryimage","url":"https:\/\/agenciaalavanca.com.br\/atelierdasflores\/wp-content\/uploads\/2023\/08\/Cesta-Heineken.jpeg","contentUrl":"https:\/\/agenciaalavanca.com.br\/atelierdasflores\/wp-content\/uploads\/2023\/08\/Cesta-Heineken.jpeg","width":1000,"height":1000},{"@type":"BreadcrumbList","@id":"https:\/\/agenciaalavanca.com.br\/atelierdasflores\/product\/cesta-heineken\/#breadcrumb","itemListElement":[{"@type":"ListItem","position":1,"name":"In\u00edcio","item":"https:\/\/agenciaalavanca.com.br\/atelierdasflores\/"},{"@type":"ListItem","position":2,"name":"Produtos","item":"https:\/\/agenciaalavanca.com.br\/atelierdasflores\/shop\/"},{"@type":"ListItem","position":3,"name":"Cesta Heineken"}]},{"@type":"WebSite","@id":"https:\/\/agenciaalavanca.com.br\/atelierdasflores\/#website","url":"https:\/\/agenciaalavanca.com.br\/atelierdasflores\/","name":"Atelier das Flores","description":"Com todo carinho, da produ\u00e7\u00e3o ao destino!","potentialAction":[{"@type":"SearchAction","target":{"@type":"EntryPoint","urlTemplate":"https:\/\/agenciaalavanca.com.br\/atelierdasflores\/?s={search_term_string}"},"query-input":{"@type":"PropertyValueSpecification","valueRequired":true,"valueName":"search_term_string"}}],"inLanguage":"pt-BR"}]}},"_links":{"self":[{"href":"https:\/\/agenciaalavanca.com.br\/atelierdasflores\/wp-json\/wp\/v2\/product\/1779","targetHints":{"allow":["GET"]}}],"collection":[{"href":"https:\/\/agenciaalavanca.com.br\/atelierdasflores\/wp-json\/wp\/v2\/product"}],"about":[{"href":"https:\/\/agenciaalavanca.com.br\/atelierdasflores\/wp-json\/wp\/v2\/types\/product"}],"wp:featuredmedia":[{"embeddable":true,"href":"https:\/\/agenciaalavanca.com.br\/atelierdasflores\/wp-json\/wp\/v2\/media\/1762"}],"wp:attachment":[{"href":"https:\/\/agenciaalavanca.com.br\/atelierdasflores\/wp-json\/wp\/v2\/media?parent=1779"}],"wp:term":[{"taxonomy":"product_brand","embeddable":true,"href":"https:\/\/agenciaalavanca.com.br\/atelierdasflores\/wp-json\/wp\/v2\/product_brand?post=1779"},{"taxonomy":"product_cat","embeddable":true,"href":"https:\/\/agenciaalavanca.com.br\/atelierdasflores\/wp-json\/wp\/v2\/product_cat?post=1779"},{"taxonomy":"product_tag","embeddable":true,"href":"https:\/\/agenciaalavanca.com.br\/atelierdasflores\/wp-json\/wp\/v2\/product_tag?post=1779"}],"curies":[{"name":"wp","href":"https:\/\/api.w.org\/{rel}","templated":true}]}}